{"id":1719,"date":"2025-07-08T16:34:12","date_gmt":"2025-07-08T14:34:12","guid":{"rendered":"https:\/\/www.keytobetterlife.com\/?page_id=1719"},"modified":"2026-02-12T00:13:47","modified_gmt":"2026-02-11T22:13:47","slug":"kontakt","status":"publish","type":"page","link":"https:\/\/www.keytobetterlife.com\/de\/kontakt\/","title":{"rendered":"Kontakt"},"content":{"rendered":"\n<section class=\"gbp-section gb-element-4e17a0ca\">\n<div class=\"gb-element-d0fe4934\">\n<div class=\"gb-element-afd929ae\">\n<h1 class=\"gb-text gbp-section__headline gb-text-b56d1610\">Lass uns ins Gespr\u00e4ch kommen<\/h1>\n\n\n\n<div class=\"gb-text gbp-section__text gb-text-ff4494f5\">In einem unverbindlichen Erstgespr\u00e4ch kl\u00e4ren wir gemeinsam, ob und wie ich dich begleiten kann.<\/div>\n<\/div>\n<\/div>\n\n\n\n<div class=\"hero-image-fit gb-element-52b86c2e\"><\/div>\n<\/section>\n\n\n\n<section class=\"gbp-section gb-element-57c53f26\">\n<span class=\"gb-shape gb-shape-400c3219 gb-shape--divider\"><svg preserveAspectRatio=\"none\" viewBox=\"0 0 1200 194.3\" xmlns=\"http:\/\/www.w3.org\/2000\/svg\"><path d=\"M1200 133.3l-50 8.9c-50 8.6-150 26.9-250 31.1-100 4.2-200-4.2-300-26.7S400 89.2 300 62.2C200 35.8 100 17.5 50 8.9L0 0v194.3h1200v-61z\"><\/path><\/svg><\/span>\n\n\n\n<div class=\"gbp-section__inner gb-element-11745cb7\">\n<div class=\"gb-element-d9771ed6\">\n<h2 class=\"gb-text gbp-section__headline\">Bereit f\u00fcr den ersten Schritt?<\/h2>\n\n\n\n<div class=\"gb-text gb-text-3df4a64a\">Ich freue mich darauf, dich kennenzulernen. Meine Arbeitssprachen: Deutsch und Englisch<\/div>\n\n\n\n<div class=\"gb-element-ef3642f0\">\n<div class=\"gb-element-ebbeb613\">\n<h3 class=\"gb-text gbp-section__headline\">E-Mail schreiben<\/h3>\n\n\n\n<div class=\"gb-element-3fadb41f email-reveal-block\">\n<button class=\"gbp-button--secondary gb-text-f6f355a3 email-toggle\" aria-controls=\"email-1\"><span class=\"gb-shape\"><svg aria-hidden=\"true\" role=\"img\" height=\"1em\" width=\"1em\" viewBox=\"0 0 512 512\" xmlns=\"http:\/\/www.w3.org\/2000\/svg\"><path fill=\"currentColor\" d=\"M464 64H48C21.49 64 0 85.49 0 112v288c0 26.51 21.49 48 48 48h416c26.51 0 48-21.49 48-48V112c0-26.51-21.49-48-48-48zm0 48v40.805c-22.422 18.259-58.168 46.651-134.587 106.49-16.841 13.247-50.201 45.072-73.413 44.701-23.208.375-56.579-31.459-73.413-44.701C106.18 199.465 70.425 171.067 48 152.805V112h416zM48 400V214.398c22.914 18.251 55.409 43.862 104.938 82.646 21.857 17.205 60.134 55.186 103.062 54.955 42.717.231 80.509-37.199 103.053-54.947 49.528-38.783 82.032-64.401 104.947-82.653V400H48z\"><\/path><\/svg><\/span><span class=\"gb-text\">Zeige E-mail Adresse<\/span><\/button>\n\n\n\n<a class=\"gb-text gb-text-766f0bdf visually-hidden\" id=\"email-1\" tabindex=\"-1\" aria-hidden=\"true\" href=\"mailto:mariam@keytobetterlife.com\">mariam@keytobetterlife.com<\/a>\n<\/div>\n<\/div>\n\n\n\n<div class=\"gb-element-8a19c491\">\n<h3 class=\"gb-text gbp-section__headline\">Mich anrufen<\/h3>\n\n\n\n<div class=\"gbp-section__text gb-text-b1379a37\" aria-label=\"Tel.\"><span class=\"gb-shape\"><svg aria-hidden=\"true\" role=\"img\" height=\"1em\" width=\"1em\" viewBox=\"0 0 512 512\" xmlns=\"http:\/\/www.w3.org\/2000\/svg\"><path fill=\"currentColor\" d=\"M493.4 24.6l-104-24c-11.3-2.6-22.9 3.3-27.5 13.9l-48 112c-4.2 9.8-1.4 21.3 6.9 28l60.6 49.6c-36 76.7-98.9 140.5-177.2 177.2l-49.6-60.6c-6.8-8.3-18.2-11.1-28-6.9l-112 48C3.9 366.5-2 378.1.6 389.4l24 104C27.1 504.2 36.7 512 48 512c256.1 0 464-207.5 464-464 0-11.2-7.7-20.9-18.6-23.4z\"><\/path><\/svg><\/span><span class=\"gb-text\"><a href=\"tel:+4915679710323\">+49 15679 710 323<\/a><\/span><\/div>\n<\/div>\n<\/div>\n<\/div>\n<\/div>\n<\/section>\n\n\n\n<section class=\"gbp-section gb-element-9e883f36\">\n<div class=\"gbp-section__inner gb-element-b5bdf1d5\">\n<div class=\"gb-element-0945183b\">\n<h2 class=\"gb-text gbp-section__headline gb-text-adf37438\">Bereit f\u00fcr ein Gespr\u00e4ch?<\/h2>\n\n\n\n<div class=\"gb-text gb-text-e6e71923\">Hier kannst du einen Termin f\u00fcr ein unverbindliches Erstgespr\u00e4ch ausw\u00e4hlen.<br>Ich nehme mir Zeit f\u00fcr dein Anliegen und wir schauen ob und wie ich dich begleiten kann.<\/div>\n\n\n\n<div class=\"gb-element-b96ad663\">\n<a class=\"gb-text gbp-button--primary gb-text-b50fa622\" href=\"https:\/\/www.keytobetterlife.com\/de\/arbeite-mit-mir\/kostenfreies-erstgespraech\/\">Kostenfreies Erstgespr\u00e4ch buchen<\/a>\n<\/div>\n<\/div>\n<\/div>\n<\/section>\n","protected":false},"excerpt":{"rendered":"<p>Lass uns ins Gespr\u00e4ch kommen In einem unverbindlichen Erstgespr\u00e4ch kl\u00e4ren wir gemeinsam, ob und wie ich dich begleiten kann. Bereit f\u00fcr den ersten Schritt? Ich freue mich darauf, dich kennenzulernen. Meine Arbeitssprachen: Deutsch und Englisch E-Mail schreiben Zeige E-mail Adresse mariam@keytobetterlife.com Mich anrufen +49 15679 710 323 Bereit f\u00fcr ein Gespr\u00e4ch? Hier kannst du einen &#8230; <a title=\"Kontakt\" class=\"read-more\" href=\"https:\/\/www.keytobetterlife.com\/de\/kontakt\/\" aria-label=\"Mehr Informationen \u00fcber Kontakt\">Weiterlesen &#8230;<\/a><\/p>\n","protected":false},"author":1,"featured_media":0,"parent":0,"menu_order":0,"comment_status":"closed","ping_status":"closed","template":"","meta":{"footnotes":""},"class_list":["post-1719","page","type-page","status-publish"],"yoast_head":"<!-- This site is optimized with the Yoast SEO plugin v27.4 - https:\/\/yoast.com\/product\/yoast-seo-wordpress\/ -->\n<title>Kontakt &amp; Erstgespr\u00e4ch | RTT\u00ae Begleitung - Key To Better Life<\/title>\n<meta name=\"description\" content=\"Buche dein unverbindliches Erstgespr\u00e4ch und schildere dein Anliegen in einem gesch\u00fctzten Rahmen. Gemeinsam kl\u00e4ren wir die n\u00e4chsten Schritte.\" \/>\n<meta name=\"robots\" content=\"index, follow, max-snippet:-1, max-image-preview:large, max-video-preview:-1\" \/>\n<link rel=\"canonical\" href=\"https:\/\/www.keytobetterlife.com\/de\/kontakt\/\" \/>\n<meta property=\"og:locale\" content=\"de_DE\" \/>\n<meta property=\"og:type\" content=\"article\" \/>\n<meta property=\"og:title\" content=\"Kontakt &amp; Erstgespr\u00e4ch | RTT\u00ae Begleitung - Key To Better Life\" \/>\n<meta property=\"og:description\" content=\"Buche dein unverbindliches Erstgespr\u00e4ch und schildere dein Anliegen in einem gesch\u00fctzten Rahmen. Gemeinsam kl\u00e4ren wir die n\u00e4chsten Schritte.\" \/>\n<meta property=\"og:url\" content=\"https:\/\/www.keytobetterlife.com\/de\/kontakt\/\" \/>\n<meta property=\"og:site_name\" content=\"Key To Better Life\" \/>\n<meta property=\"article:modified_time\" content=\"2026-02-11T22:13:47+00:00\" \/>\n<meta name=\"twitter:card\" content=\"summary_large_image\" \/>\n<meta name=\"twitter:label1\" content=\"Gesch\u00e4tzte Lesezeit\" \/>\n\t<meta name=\"twitter:data1\" content=\"1\u00a0Minute\" \/>\n<script type=\"application\/ld+json\" class=\"yoast-schema-graph\">{\"@context\":\"https:\\\/\\\/schema.org\",\"@graph\":[{\"@type\":\"WebPage\",\"@id\":\"https:\\\/\\\/www.keytobetterlife.com\\\/de\\\/kontakt\\\/\",\"url\":\"https:\\\/\\\/www.keytobetterlife.com\\\/de\\\/kontakt\\\/\",\"name\":\"Kontakt & Erstgespr\u00e4ch | RTT\u00ae Begleitung - Key To Better Life\",\"isPartOf\":{\"@id\":\"https:\\\/\\\/www.keytobetterlife.com\\\/de\\\/#website\"},\"datePublished\":\"2025-07-08T14:34:12+00:00\",\"dateModified\":\"2026-02-11T22:13:47+00:00\",\"description\":\"Buche dein unverbindliches Erstgespr\u00e4ch und schildere dein Anliegen in einem gesch\u00fctzten Rahmen. Gemeinsam kl\u00e4ren wir die n\u00e4chsten Schritte.\",\"breadcrumb\":{\"@id\":\"https:\\\/\\\/www.keytobetterlife.com\\\/de\\\/kontakt\\\/#breadcrumb\"},\"inLanguage\":\"de\",\"potentialAction\":[{\"@type\":\"ReadAction\",\"target\":[\"https:\\\/\\\/www.keytobetterlife.com\\\/de\\\/kontakt\\\/\"]}]},{\"@type\":\"BreadcrumbList\",\"@id\":\"https:\\\/\\\/www.keytobetterlife.com\\\/de\\\/kontakt\\\/#breadcrumb\",\"itemListElement\":[{\"@type\":\"ListItem\",\"position\":1,\"name\":\"Startseite\",\"item\":\"https:\\\/\\\/www.keytobetterlife.com\\\/de\\\/\"},{\"@type\":\"ListItem\",\"position\":2,\"name\":\"Kontakt\"}]},{\"@type\":\"WebSite\",\"@id\":\"https:\\\/\\\/www.keytobetterlife.com\\\/de\\\/#website\",\"url\":\"https:\\\/\\\/www.keytobetterlife.com\\\/de\\\/\",\"name\":\"Key To Better Life\",\"description\":\"Rapid Transformation Therapy (RTT)\",\"publisher\":{\"@id\":\"https:\\\/\\\/www.keytobetterlife.com\\\/de\\\/#organization\"},\"potentialAction\":[{\"@type\":\"SearchAction\",\"target\":{\"@type\":\"EntryPoint\",\"urlTemplate\":\"https:\\\/\\\/www.keytobetterlife.com\\\/de\\\/?s={search_term_string}\"},\"query-input\":{\"@type\":\"PropertyValueSpecification\",\"valueRequired\":true,\"valueName\":\"search_term_string\"}}],\"inLanguage\":\"de\"},{\"@type\":\"Organization\",\"@id\":\"https:\\\/\\\/www.keytobetterlife.com\\\/de\\\/#organization\",\"name\":\"Key To Better Life\",\"url\":\"https:\\\/\\\/www.keytobetterlife.com\\\/de\\\/\",\"logo\":{\"@type\":\"ImageObject\",\"inLanguage\":\"de\",\"@id\":\"https:\\\/\\\/www.keytobetterlife.com\\\/de\\\/#\\\/schema\\\/logo\\\/image\\\/\",\"url\":\"https:\\\/\\\/www.keytobetterlife.com\\\/wp-content\\\/uploads\\\/2025\\\/07\\\/KTBL_Logo_final.svg\",\"contentUrl\":\"https:\\\/\\\/www.keytobetterlife.com\\\/wp-content\\\/uploads\\\/2025\\\/07\\\/KTBL_Logo_final.svg\",\"width\":300,\"height\":85,\"caption\":\"Key To Better Life\"},\"image\":{\"@id\":\"https:\\\/\\\/www.keytobetterlife.com\\\/de\\\/#\\\/schema\\\/logo\\\/image\\\/\"}}]}<\/script>\n<!-- \/ Yoast SEO plugin. -->","yoast_head_json":{"title":"Kontakt & Erstgespr\u00e4ch | RTT\u00ae Begleitung - Key To Better Life","description":"Buche dein unverbindliches Erstgespr\u00e4ch und schildere dein Anliegen in einem gesch\u00fctzten Rahmen. Gemeinsam kl\u00e4ren wir die n\u00e4chsten Schritte.","robots":{"index":"index","follow":"follow","max-snippet":"max-snippet:-1","max-image-preview":"max-image-preview:large","max-video-preview":"max-video-preview:-1"},"canonical":"https:\/\/www.keytobetterlife.com\/de\/kontakt\/","og_locale":"de_DE","og_type":"article","og_title":"Kontakt & Erstgespr\u00e4ch | RTT\u00ae Begleitung - Key To Better Life","og_description":"Buche dein unverbindliches Erstgespr\u00e4ch und schildere dein Anliegen in einem gesch\u00fctzten Rahmen. Gemeinsam kl\u00e4ren wir die n\u00e4chsten Schritte.","og_url":"https:\/\/www.keytobetterlife.com\/de\/kontakt\/","og_site_name":"Key To Better Life","article_modified_time":"2026-02-11T22:13:47+00:00","twitter_card":"summary_large_image","twitter_misc":{"Gesch\u00e4tzte Lesezeit":"1\u00a0Minute"},"schema":{"@context":"https:\/\/schema.org","@graph":[{"@type":"WebPage","@id":"https:\/\/www.keytobetterlife.com\/de\/kontakt\/","url":"https:\/\/www.keytobetterlife.com\/de\/kontakt\/","name":"Kontakt & Erstgespr\u00e4ch | RTT\u00ae Begleitung - Key To Better Life","isPartOf":{"@id":"https:\/\/www.keytobetterlife.com\/de\/#website"},"datePublished":"2025-07-08T14:34:12+00:00","dateModified":"2026-02-11T22:13:47+00:00","description":"Buche dein unverbindliches Erstgespr\u00e4ch und schildere dein Anliegen in einem gesch\u00fctzten Rahmen. Gemeinsam kl\u00e4ren wir die n\u00e4chsten Schritte.","breadcrumb":{"@id":"https:\/\/www.keytobetterlife.com\/de\/kontakt\/#breadcrumb"},"inLanguage":"de","potentialAction":[{"@type":"ReadAction","target":["https:\/\/www.keytobetterlife.com\/de\/kontakt\/"]}]},{"@type":"BreadcrumbList","@id":"https:\/\/www.keytobetterlife.com\/de\/kontakt\/#breadcrumb","itemListElement":[{"@type":"ListItem","position":1,"name":"Startseite","item":"https:\/\/www.keytobetterlife.com\/de\/"},{"@type":"ListItem","position":2,"name":"Kontakt"}]},{"@type":"WebSite","@id":"https:\/\/www.keytobetterlife.com\/de\/#website","url":"https:\/\/www.keytobetterlife.com\/de\/","name":"Key To Better Life","description":"Rapid Transformation Therapy (RTT)","publisher":{"@id":"https:\/\/www.keytobetterlife.com\/de\/#organization"},"potentialAction":[{"@type":"SearchAction","target":{"@type":"EntryPoint","urlTemplate":"https:\/\/www.keytobetterlife.com\/de\/?s={search_term_string}"},"query-input":{"@type":"PropertyValueSpecification","valueRequired":true,"valueName":"search_term_string"}}],"inLanguage":"de"},{"@type":"Organization","@id":"https:\/\/www.keytobetterlife.com\/de\/#organization","name":"Key To Better Life","url":"https:\/\/www.keytobetterlife.com\/de\/","logo":{"@type":"ImageObject","inLanguage":"de","@id":"https:\/\/www.keytobetterlife.com\/de\/#\/schema\/logo\/image\/","url":"https:\/\/www.keytobetterlife.com\/wp-content\/uploads\/2025\/07\/KTBL_Logo_final.svg","contentUrl":"https:\/\/www.keytobetterlife.com\/wp-content\/uploads\/2025\/07\/KTBL_Logo_final.svg","width":300,"height":85,"caption":"Key To Better Life"},"image":{"@id":"https:\/\/www.keytobetterlife.com\/de\/#\/schema\/logo\/image\/"}}]}},"_links":{"self":[{"href":"https:\/\/www.keytobetterlife.com\/de\/wp-json\/wp\/v2\/pages\/1719","targetHints":{"allow":["GET"]}}],"collection":[{"href":"https:\/\/www.keytobetterlife.com\/de\/wp-json\/wp\/v2\/pages"}],"about":[{"href":"https:\/\/www.keytobetterlife.com\/de\/wp-json\/wp\/v2\/types\/page"}],"author":[{"embeddable":true,"href":"https:\/\/www.keytobetterlife.com\/de\/wp-json\/wp\/v2\/users\/1"}],"replies":[{"embeddable":true,"href":"https:\/\/www.keytobetterlife.com\/de\/wp-json\/wp\/v2\/comments?post=1719"}],"version-history":[{"count":12,"href":"https:\/\/www.keytobetterlife.com\/de\/wp-json\/wp\/v2\/pages\/1719\/revisions"}],"predecessor-version":[{"id":3381,"href":"https:\/\/www.keytobetterlife.com\/de\/wp-json\/wp\/v2\/pages\/1719\/revisions\/3381"}],"wp:attachment":[{"href":"https:\/\/www.keytobetterlife.com\/de\/wp-json\/wp\/v2\/media?parent=1719"}],"curies":[{"name":"wp","href":"https:\/\/api.w.org\/{rel}","templated":true}]}}