{"id":2087,"date":"2025-11-10T16:54:36","date_gmt":"2025-11-10T14:54:36","guid":{"rendered":"https:\/\/www.keytobetterlife.com\/?page_id=2087"},"modified":"2025-11-10T20:18:12","modified_gmt":"2025-11-10T18:18:12","slug":"haftungsausschluss","status":"publish","type":"page","link":"https:\/\/www.keytobetterlife.com\/de\/haftungsausschluss\/","title":{"rendered":"Haftungsausschluss"},"content":{"rendered":"\n<h2 class=\"wp-block-heading\">Allgemeiner Haftungsausschluss<\/h2>\n\n\n\n<p>KeyToBetterLife LLC haftet nur bei Vorsatz und grober Fahrl\u00e4ssigkeit. Die Haftung f\u00fcr selbstverursachte Sch\u00e4den oder Sch\u00e4den durch Dritte ist ausgeschlossen.<\/p>\n\n\n\n<p>RTT<sup>\u00ae <\/sup>Hypnose und Coaching ersetzen keine medizinische Diagnose oder Therapie; medizinische oder psychologische Heilungserfolge werden ausdr\u00fccklich nicht garantiert. Die angebotenen Leistungen sind kein Ersatz f\u00fcr eine \u00e4rztliche, psychologische oder psychiatrische Behandlung. Es wird kein Heilversprechen gegeben; der Erfolg h\u00e4ngt von der individuellen Mitarbeit ab (z. B. regelm\u00e4\u00dfige Nutzung der bereitgestellten Audios f\u00fcr mindestens 21 Tage).<\/p>\n\n\n\n<p>Durch die Nutzung der Services best\u00e4tigt der Kunde, frei von schweren psychischen Erkrankungen zu sein oder diese KeyToBetterLife LLC im Voraus offengelegt zu haben. Es wird ebenfalls best\u00e4tigt, dass keine bewusstseinsver\u00e4ndernden Substanzen (wie Drogen oder bestimmte Medikamente) eingenommen werden oder im Voraus mitgeteilt werden.<\/p>\n\n\n\n<p>Jeder Kunde tr\u00e4gt die volle Verantwortung f\u00fcr eigene Entscheidungen, Handlungen, Ergebnisse und die Einhaltung lokaler Gesetze.<br>Alle Leistungen werden von Deutschland aus erbracht und unterliegen deutschem Recht. Durch Buchung oder Kauf der Leistungen erkl\u00e4rt sich der Kunde einverstanden, dass der Anbieter in Deutschland ans\u00e4ssig ist und alle Streitigkeiten nach deutschem Recht beigelegt werden.<\/p>\n\n\n\n<p>Technische St\u00f6rungen k\u00f6nnen bei Online- oder Telemedizin-Sitzungen auftreten, beeinflussen jedoch nicht die G\u00fcltigkeit oder Wirksamkeit der Sitzung.<\/p>\n\n\n\n<p>Sehen Sie auch<a href=\"https:\/\/www.keytobetterlife.com\/de\/agb\/\"> Allgemeine Gesch\u00e4ftsbedingungen, 1. wichtiger rechtlicher Hinweis.<\/a><\/p>\n","protected":false},"excerpt":{"rendered":"<p>Allgemeiner Haftungsausschluss KeyToBetterLife LLC haftet nur bei Vorsatz und grober Fahrl\u00e4ssigkeit. Die Haftung f\u00fcr selbstverursachte Sch\u00e4den oder Sch\u00e4den durch Dritte ist ausgeschlossen. RTT\u00ae Hypnose und Coaching ersetzen keine medizinische Diagnose oder Therapie; medizinische oder psychologische Heilungserfolge werden ausdr\u00fccklich nicht garantiert. Die angebotenen Leistungen sind kein Ersatz f\u00fcr eine \u00e4rztliche, psychologische oder psychiatrische Behandlung. Es wird &#8230; <a title=\"Haftungsausschluss\" class=\"read-more\" href=\"https:\/\/www.keytobetterlife.com\/de\/haftungsausschluss\/\" aria-label=\"Mehr Informationen \u00fcber Haftungsausschluss\">Weiterlesen &#8230;<\/a><\/p>\n","protected":false},"author":1,"featured_media":0,"parent":0,"menu_order":0,"comment_status":"closed","ping_status":"closed","template":"","meta":{"footnotes":""},"class_list":["post-2087","page","type-page","status-publish"],"yoast_head":"<!-- This site is optimized with the Yoast SEO plugin v27.4 - https:\/\/yoast.com\/product\/yoast-seo-wordpress\/ -->\n<title>Haftungsausschluss - Key To Better Life<\/title>\n<meta name=\"robots\" content=\"index, follow, max-snippet:-1, max-image-preview:large, max-video-preview:-1\" \/>\n<link rel=\"canonical\" href=\"https:\/\/www.keytobetterlife.com\/de\/haftungsausschluss\/\" \/>\n<meta property=\"og:locale\" content=\"de_DE\" \/>\n<meta property=\"og:type\" content=\"article\" \/>\n<meta property=\"og:title\" content=\"Haftungsausschluss - Key To Better Life\" \/>\n<meta property=\"og:description\" content=\"Allgemeiner Haftungsausschluss KeyToBetterLife LLC haftet nur bei Vorsatz und grober Fahrl\u00e4ssigkeit. Die Haftung f\u00fcr selbstverursachte Sch\u00e4den oder Sch\u00e4den durch Dritte ist ausgeschlossen. RTT\u00ae Hypnose und Coaching ersetzen keine medizinische Diagnose oder Therapie; medizinische oder psychologische Heilungserfolge werden ausdr\u00fccklich nicht garantiert. Die angebotenen Leistungen sind kein Ersatz f\u00fcr eine \u00e4rztliche, psychologische oder psychiatrische Behandlung. Es wird ... Weiterlesen ...\" \/>\n<meta property=\"og:url\" content=\"https:\/\/www.keytobetterlife.com\/de\/haftungsausschluss\/\" \/>\n<meta property=\"og:site_name\" content=\"Key To Better Life\" \/>\n<meta property=\"article:modified_time\" content=\"2025-11-10T18:18:12+00:00\" \/>\n<meta name=\"twitter:card\" content=\"summary_large_image\" \/>\n<meta name=\"twitter:label1\" content=\"Gesch\u00e4tzte Lesezeit\" \/>\n\t<meta name=\"twitter:data1\" content=\"1\u00a0Minute\" \/>\n<script type=\"application\/ld+json\" class=\"yoast-schema-graph\">{\"@context\":\"https:\\\/\\\/schema.org\",\"@graph\":[{\"@type\":\"WebPage\",\"@id\":\"https:\\\/\\\/www.keytobetterlife.com\\\/de\\\/haftungsausschluss\\\/\",\"url\":\"https:\\\/\\\/www.keytobetterlife.com\\\/de\\\/haftungsausschluss\\\/\",\"name\":\"Haftungsausschluss - Key To Better Life\",\"isPartOf\":{\"@id\":\"https:\\\/\\\/www.keytobetterlife.com\\\/de\\\/#website\"},\"datePublished\":\"2025-11-10T14:54:36+00:00\",\"dateModified\":\"2025-11-10T18:18:12+00:00\",\"breadcrumb\":{\"@id\":\"https:\\\/\\\/www.keytobetterlife.com\\\/de\\\/haftungsausschluss\\\/#breadcrumb\"},\"inLanguage\":\"de\",\"potentialAction\":[{\"@type\":\"ReadAction\",\"target\":[\"https:\\\/\\\/www.keytobetterlife.com\\\/de\\\/haftungsausschluss\\\/\"]}]},{\"@type\":\"BreadcrumbList\",\"@id\":\"https:\\\/\\\/www.keytobetterlife.com\\\/de\\\/haftungsausschluss\\\/#breadcrumb\",\"itemListElement\":[{\"@type\":\"ListItem\",\"position\":1,\"name\":\"Startseite\",\"item\":\"https:\\\/\\\/www.keytobetterlife.com\\\/de\\\/\"},{\"@type\":\"ListItem\",\"position\":2,\"name\":\"Haftungsausschluss\"}]},{\"@type\":\"WebSite\",\"@id\":\"https:\\\/\\\/www.keytobetterlife.com\\\/de\\\/#website\",\"url\":\"https:\\\/\\\/www.keytobetterlife.com\\\/de\\\/\",\"name\":\"Key To Better Life\",\"description\":\"Rapid Transformation Therapy (RTT)\",\"publisher\":{\"@id\":\"https:\\\/\\\/www.keytobetterlife.com\\\/de\\\/#organization\"},\"potentialAction\":[{\"@type\":\"SearchAction\",\"target\":{\"@type\":\"EntryPoint\",\"urlTemplate\":\"https:\\\/\\\/www.keytobetterlife.com\\\/de\\\/?s={search_term_string}\"},\"query-input\":{\"@type\":\"PropertyValueSpecification\",\"valueRequired\":true,\"valueName\":\"search_term_string\"}}],\"inLanguage\":\"de\"},{\"@type\":\"Organization\",\"@id\":\"https:\\\/\\\/www.keytobetterlife.com\\\/de\\\/#organization\",\"name\":\"Key To Better Life\",\"url\":\"https:\\\/\\\/www.keytobetterlife.com\\\/de\\\/\",\"logo\":{\"@type\":\"ImageObject\",\"inLanguage\":\"de\",\"@id\":\"https:\\\/\\\/www.keytobetterlife.com\\\/de\\\/#\\\/schema\\\/logo\\\/image\\\/\",\"url\":\"https:\\\/\\\/www.keytobetterlife.com\\\/wp-content\\\/uploads\\\/2025\\\/07\\\/KTBL_Logo_final.svg\",\"contentUrl\":\"https:\\\/\\\/www.keytobetterlife.com\\\/wp-content\\\/uploads\\\/2025\\\/07\\\/KTBL_Logo_final.svg\",\"width\":300,\"height\":85,\"caption\":\"Key To Better Life\"},\"image\":{\"@id\":\"https:\\\/\\\/www.keytobetterlife.com\\\/de\\\/#\\\/schema\\\/logo\\\/image\\\/\"}}]}<\/script>\n<!-- \/ Yoast SEO plugin. -->","yoast_head_json":{"title":"Haftungsausschluss - Key To Better Life","robots":{"index":"index","follow":"follow","max-snippet":"max-snippet:-1","max-image-preview":"max-image-preview:large","max-video-preview":"max-video-preview:-1"},"canonical":"https:\/\/www.keytobetterlife.com\/de\/haftungsausschluss\/","og_locale":"de_DE","og_type":"article","og_title":"Haftungsausschluss - Key To Better Life","og_description":"Allgemeiner Haftungsausschluss KeyToBetterLife LLC haftet nur bei Vorsatz und grober Fahrl\u00e4ssigkeit. Die Haftung f\u00fcr selbstverursachte Sch\u00e4den oder Sch\u00e4den durch Dritte ist ausgeschlossen. RTT\u00ae Hypnose und Coaching ersetzen keine medizinische Diagnose oder Therapie; medizinische oder psychologische Heilungserfolge werden ausdr\u00fccklich nicht garantiert. Die angebotenen Leistungen sind kein Ersatz f\u00fcr eine \u00e4rztliche, psychologische oder psychiatrische Behandlung. Es wird ... Weiterlesen ...","og_url":"https:\/\/www.keytobetterlife.com\/de\/haftungsausschluss\/","og_site_name":"Key To Better Life","article_modified_time":"2025-11-10T18:18:12+00:00","twitter_card":"summary_large_image","twitter_misc":{"Gesch\u00e4tzte Lesezeit":"1\u00a0Minute"},"schema":{"@context":"https:\/\/schema.org","@graph":[{"@type":"WebPage","@id":"https:\/\/www.keytobetterlife.com\/de\/haftungsausschluss\/","url":"https:\/\/www.keytobetterlife.com\/de\/haftungsausschluss\/","name":"Haftungsausschluss - Key To Better Life","isPartOf":{"@id":"https:\/\/www.keytobetterlife.com\/de\/#website"},"datePublished":"2025-11-10T14:54:36+00:00","dateModified":"2025-11-10T18:18:12+00:00","breadcrumb":{"@id":"https:\/\/www.keytobetterlife.com\/de\/haftungsausschluss\/#breadcrumb"},"inLanguage":"de","potentialAction":[{"@type":"ReadAction","target":["https:\/\/www.keytobetterlife.com\/de\/haftungsausschluss\/"]}]},{"@type":"BreadcrumbList","@id":"https:\/\/www.keytobetterlife.com\/de\/haftungsausschluss\/#breadcrumb","itemListElement":[{"@type":"ListItem","position":1,"name":"Startseite","item":"https:\/\/www.keytobetterlife.com\/de\/"},{"@type":"ListItem","position":2,"name":"Haftungsausschluss"}]},{"@type":"WebSite","@id":"https:\/\/www.keytobetterlife.com\/de\/#website","url":"https:\/\/www.keytobetterlife.com\/de\/","name":"Key To Better Life","description":"Rapid Transformation Therapy (RTT)","publisher":{"@id":"https:\/\/www.keytobetterlife.com\/de\/#organization"},"potentialAction":[{"@type":"SearchAction","target":{"@type":"EntryPoint","urlTemplate":"https:\/\/www.keytobetterlife.com\/de\/?s={search_term_string}"},"query-input":{"@type":"PropertyValueSpecification","valueRequired":true,"valueName":"search_term_string"}}],"inLanguage":"de"},{"@type":"Organization","@id":"https:\/\/www.keytobetterlife.com\/de\/#organization","name":"Key To Better Life","url":"https:\/\/www.keytobetterlife.com\/de\/","logo":{"@type":"ImageObject","inLanguage":"de","@id":"https:\/\/www.keytobetterlife.com\/de\/#\/schema\/logo\/image\/","url":"https:\/\/www.keytobetterlife.com\/wp-content\/uploads\/2025\/07\/KTBL_Logo_final.svg","contentUrl":"https:\/\/www.keytobetterlife.com\/wp-content\/uploads\/2025\/07\/KTBL_Logo_final.svg","width":300,"height":85,"caption":"Key To Better Life"},"image":{"@id":"https:\/\/www.keytobetterlife.com\/de\/#\/schema\/logo\/image\/"}}]}},"_links":{"self":[{"href":"https:\/\/www.keytobetterlife.com\/de\/wp-json\/wp\/v2\/pages\/2087","targetHints":{"allow":["GET"]}}],"collection":[{"href":"https:\/\/www.keytobetterlife.com\/de\/wp-json\/wp\/v2\/pages"}],"about":[{"href":"https:\/\/www.keytobetterlife.com\/de\/wp-json\/wp\/v2\/types\/page"}],"author":[{"embeddable":true,"href":"https:\/\/www.keytobetterlife.com\/de\/wp-json\/wp\/v2\/users\/1"}],"replies":[{"embeddable":true,"href":"https:\/\/www.keytobetterlife.com\/de\/wp-json\/wp\/v2\/comments?post=2087"}],"version-history":[{"count":6,"href":"https:\/\/www.keytobetterlife.com\/de\/wp-json\/wp\/v2\/pages\/2087\/revisions"}],"predecessor-version":[{"id":2249,"href":"https:\/\/www.keytobetterlife.com\/de\/wp-json\/wp\/v2\/pages\/2087\/revisions\/2249"}],"wp:attachment":[{"href":"https:\/\/www.keytobetterlife.com\/de\/wp-json\/wp\/v2\/media?parent=2087"}],"curies":[{"name":"wp","href":"https:\/\/api.w.org\/{rel}","templated":true}]}}