{"id":2412,"date":"2024-07-25T22:26:28","date_gmt":"2024-07-25T20:26:28","guid":{"rendered":"https:\/\/www.keytobetterlife.com\/?page_id=2412"},"modified":"2026-02-11T23:26:17","modified_gmt":"2026-02-11T21:26:17","slug":"erfahrungsberichte","status":"publish","type":"page","link":"https:\/\/www.keytobetterlife.com\/de\/erfahrungsberichte\/","title":{"rendered":"Erfahrungsberichte"},"content":{"rendered":"\n<section class=\"gbp-section gb-element-f61c4262\">\n<div class=\"gb-element-a162fb9d\">\n<div class=\"gb-element-49ce51bb\">\n<h1 class=\"gb-text gbp-section__headline gb-text-91fbb44e\">Einblick in pers\u00f6nliche Erfahrungen<\/h1>\n\n\n\n<div class=\"gb-text gbp-section__text gb-text-50498ce2\">Hier findest du ausgew\u00e4hlte Erfahrungsberichte von Menschen, die sich f\u00fcr eine Begleitung mit RTT<sup>\u00ae<\/sup> entschieden haben.<\/div>\n<\/div>\n<\/div>\n\n\n\n<div class=\"hero-image-fit gb-element-0d98e01a\"><\/div>\n<\/section>\n\n\n\n<div class=\"gbp-section\">\n<div class=\"gbp-section__inner gb-element-1a30ca82\">\n<div><div class=\"gb-looper-29886f00\">\n<div class=\"gb-loop-item gbp-card--border gb-loop-item-619068b5 post-2434 post type-post status-publish format-standard has-post-thumbnail hentry category-aengste category-stillstand\">\n<img loading=\"lazy\" decoding=\"async\" width=\"1600\" height=\"1200\" data-media-id=\"1866\" class=\"gb-media-26b93a24\" src=\"https:\/\/www.keytobetterlife.com\/wp-content\/uploads\/2025\/10\/Keytobetterlife_SuccessStory_BreakingFree.webp\" alt=\"Der Ausweg aus L\u00e4hmung und Stillstand\" srcset=\"https:\/\/www.keytobetterlife.com\/wp-content\/uploads\/2025\/10\/Keytobetterlife_SuccessStory_BreakingFree.webp 1600w, https:\/\/www.keytobetterlife.com\/wp-content\/uploads\/2025\/10\/Keytobetterlife_SuccessStory_BreakingFree-300x225.webp 300w, https:\/\/www.keytobetterlife.com\/wp-content\/uploads\/2025\/10\/Keytobetterlife_SuccessStory_BreakingFree-1024x768.webp 1024w, https:\/\/www.keytobetterlife.com\/wp-content\/uploads\/2025\/10\/Keytobetterlife_SuccessStory_BreakingFree-768x576.webp 768w, https:\/\/www.keytobetterlife.com\/wp-content\/uploads\/2025\/10\/Keytobetterlife_SuccessStory_BreakingFree-1536x1152.webp 1536w\" sizes=\"auto, (max-width: 1600px) 100vw, 1600px\" \/>\n\n\n\n<div class=\"gbp-card gb-element-a2e063da\">\n<h2 class=\"gb-text gb-text-c36f1ca0\"><a href=\"https:\/\/www.keytobetterlife.com\/de\/der-ausweg-aus-paralyse-und-stillstand\/\">Der Ausweg aus L\u00e4hmung und Stillstand<\/a><\/h2>\n\n\n\n<p class=\"gb-text gbp-card__text gb-text-61b9bcbd\">Tom (Name ge\u00e4ndert zum Schutz der Privatsph\u00e4re) f\u00fchlte sich in einem Zustand tiefer, l\u00e4hmender Niedergeschlagenheit gefangen, bis er sich entschied, Hilfe bei Dr. MK zu suchen. Durch ihren unterst\u00fctzenden und gezielten Ansatz gewann Tom nach und nach Hoffnung und Lebensfreude zur\u00fcck. Seine Reise war ein Wandel vom blo\u00dfen \u00dcberleben zum aktiven, erf\u00fcllten Leben.<\/p>\n\n\n\n<div class=\"gb-element-816473a9\">\n<p class=\"gb-text gbp-card__meta-text\"><span>\u00c4ngste<\/span>,&nbsp;<span>Stillstand<\/span><\/p>\n<\/div>\n<\/div>\n<\/div>\n\n<div class=\"gb-loop-item gbp-card--border gb-loop-item-619068b5 post-2436 post type-post status-publish format-standard has-post-thumbnail hentry category-gewicht-psyche\">\n<img loading=\"lazy\" decoding=\"async\" width=\"2048\" height=\"1365\" data-media-id=\"1916\" class=\"gb-media-26b93a24\" src=\"https:\/\/www.keytobetterlife.com\/wp-content\/uploads\/2024\/07\/KeyToBetterLife_Success_Story_Body.webp\" alt=\"Vom Di\u00e4t-Frust zur inneren Freiheit\" srcset=\"https:\/\/www.keytobetterlife.com\/wp-content\/uploads\/2024\/07\/KeyToBetterLife_Success_Story_Body.webp 2048w, https:\/\/www.keytobetterlife.com\/wp-content\/uploads\/2024\/07\/KeyToBetterLife_Success_Story_Body-300x200.webp 300w, https:\/\/www.keytobetterlife.com\/wp-content\/uploads\/2024\/07\/KeyToBetterLife_Success_Story_Body-1024x683.webp 1024w, https:\/\/www.keytobetterlife.com\/wp-content\/uploads\/2024\/07\/KeyToBetterLife_Success_Story_Body-768x512.webp 768w, https:\/\/www.keytobetterlife.com\/wp-content\/uploads\/2024\/07\/KeyToBetterLife_Success_Story_Body-1536x1024.webp 1536w\" sizes=\"auto, (max-width: 2048px) 100vw, 2048px\" \/>\n\n\n\n<div class=\"gbp-card gb-element-a2e063da\">\n<h2 class=\"gb-text gb-text-c36f1ca0\"><a href=\"https:\/\/www.keytobetterlife.com\/de\/vom-diaet-frust-zur-inneren-freiheit\/\">Vom Di\u00e4t-Frust zur inneren Freiheit<\/a><\/h2>\n\n\n\n<p class=\"gb-text gbp-card__text gb-text-61b9bcbd\">Anna vertraute ihrer Freundin Sophie ihre endlosen Schwierigkeiten mit Di\u00e4ten und das damit verbundene Gef\u00fchl der Niederlage an. Sophie erz\u00e4hlte, wie eine Bekannte bei Dr. MK dauerhafte Ver\u00e4nderung fand \u2013 eine \u00c4rztin und RTT<sup>\u00ae<\/sup> &#8211; Expertin &#038; Coach, die unterst\u00fctzende, nicht einschr\u00e4nkende Methoden anwendet. Inspiriert durch diese Erfolgsgeschichte sch\u00f6pfte Anna neue Hoffnung, ihren Weg zu einem neuen Ess-Mindset zu beginnen.<\/p>\n\n\n\n<div class=\"gb-element-816473a9\">\n<p class=\"gb-text gbp-card__meta-text\"><span>Gewicht &amp; Psyche<\/span><\/p>\n<\/div>\n<\/div>\n<\/div>\n\n<div class=\"gb-loop-item gbp-card--border gb-loop-item-619068b5 post-2438 post type-post status-publish format-standard has-post-thumbnail hentry category-elternschaft\">\n<img loading=\"lazy\" decoding=\"async\" width=\"2048\" height=\"1358\" data-media-id=\"1913\" class=\"gb-media-26b93a24\" src=\"https:\/\/www.keytobetterlife.com\/wp-content\/uploads\/2024\/07\/KeyToBetterLife_Success_Story_Parenthood.webp\" alt=\"Die Reise zur Elternschaft\" srcset=\"https:\/\/www.keytobetterlife.com\/wp-content\/uploads\/2024\/07\/KeyToBetterLife_Success_Story_Parenthood.webp 2048w, https:\/\/www.keytobetterlife.com\/wp-content\/uploads\/2024\/07\/KeyToBetterLife_Success_Story_Parenthood-300x199.webp 300w, https:\/\/www.keytobetterlife.com\/wp-content\/uploads\/2024\/07\/KeyToBetterLife_Success_Story_Parenthood-1024x679.webp 1024w, https:\/\/www.keytobetterlife.com\/wp-content\/uploads\/2024\/07\/KeyToBetterLife_Success_Story_Parenthood-768x509.webp 768w, https:\/\/www.keytobetterlife.com\/wp-content\/uploads\/2024\/07\/KeyToBetterLife_Success_Story_Parenthood-1536x1019.webp 1536w\" sizes=\"auto, (max-width: 2048px) 100vw, 2048px\" \/>\n\n\n\n<div class=\"gbp-card gb-element-a2e063da\">\n<h2 class=\"gb-text gb-text-c36f1ca0\"><a href=\"https:\/\/www.keytobetterlife.com\/de\/der-weg-zum-elternsein\/\">Die Reise zur Elternschaft<\/a><\/h2>\n\n\n\n<p class=\"gb-text gbp-card__text gb-text-61b9bcbd\">Marie teilte ihren Kummer \u00fcber wiederholte Entt\u00e4uschungen beim Versuch, Mutter zu werden. Julia erz\u00e4hlte ihr, wie Dr. MK (\u00c4rztin und RTT<sup>\u00ae<\/sup> &#8211; Expertin &#038; Coach) ihr half, emotionale Blockaden zu l\u00f6sen und die Hoffnung zur\u00fcckzugewinnen. Mit den Werkzeugen von Dr. MK verlief Julias Schwangerschaftsreise freudig und ruhig. (Namen wurden zum Schutz der Privatsph\u00e4re ge\u00e4ndert.)<\/p>\n\n\n\n<div class=\"gb-element-816473a9\">\n<p class=\"gb-text gbp-card__meta-text\"><span>Elternschaft<\/span><\/p>\n<\/div>\n<\/div>\n<\/div>\n<\/div>\n\n\n<div class=\"gb-element-e2653e17 gb-query-loop-pagination\">\n\n\n\n<\/div>\n\n\n<\/div>\n<\/div>\n<\/div>\n","protected":false},"excerpt":{"rendered":"<p>Einblick in pers\u00f6nliche Erfahrungen Hier findest du ausgew\u00e4hlte Erfahrungsberichte von Menschen, die sich f\u00fcr eine Begleitung mit RTT\u00ae entschieden haben.<\/p>\n","protected":false},"author":1,"featured_media":0,"parent":0,"menu_order":0,"comment_status":"closed","ping_status":"closed","template":"","meta":{"footnotes":""},"class_list":["post-2412","page","type-page","status-publish"],"yoast_head":"<!-- This site is optimized with the Yoast SEO plugin v27.4 - https:\/\/yoast.com\/product\/yoast-seo-wordpress\/ -->\n<title>RTT\u00ae Erfahrungsberichte \u2013 Pers\u00f6nliche R\u00fcckmeldungen<\/title>\n<meta name=\"description\" content=\"RTT\u00ae Erfahrungsberichte im \u00dcberblick: Pers\u00f6nliche R\u00fcckmeldungen von Klientinnen und Klienten zur Begleitung mit RTT\u00ae und Coaching.\" \/>\n<meta name=\"robots\" content=\"index, follow, max-snippet:-1, max-image-preview:large, max-video-preview:-1\" \/>\n<link rel=\"canonical\" href=\"https:\/\/www.keytobetterlife.com\/de\/erfahrungsberichte\/\" \/>\n<meta property=\"og:locale\" content=\"de_DE\" \/>\n<meta property=\"og:type\" content=\"article\" \/>\n<meta property=\"og:title\" content=\"RTT\u00ae Erfahrungsberichte \u2013 Pers\u00f6nliche R\u00fcckmeldungen\" \/>\n<meta property=\"og:description\" content=\"RTT\u00ae Erfahrungsberichte im \u00dcberblick: Pers\u00f6nliche R\u00fcckmeldungen von Klientinnen und Klienten zur Begleitung mit RTT\u00ae und Coaching.\" \/>\n<meta property=\"og:url\" content=\"https:\/\/www.keytobetterlife.com\/de\/erfahrungsberichte\/\" \/>\n<meta property=\"og:site_name\" content=\"Key To Better Life\" \/>\n<meta property=\"article:modified_time\" content=\"2026-02-11T21:26:17+00:00\" \/>\n<meta name=\"twitter:card\" content=\"summary_large_image\" \/>\n<meta name=\"twitter:label1\" content=\"Gesch\u00e4tzte Lesezeit\" \/>\n\t<meta name=\"twitter:data1\" content=\"1\u00a0Minute\" \/>\n<script type=\"application\/ld+json\" class=\"yoast-schema-graph\">{\"@context\":\"https:\\\/\\\/schema.org\",\"@graph\":[{\"@type\":\"WebPage\",\"@id\":\"https:\\\/\\\/www.keytobetterlife.com\\\/de\\\/erfahrungsberichte\\\/\",\"url\":\"https:\\\/\\\/www.keytobetterlife.com\\\/de\\\/erfahrungsberichte\\\/\",\"name\":\"RTT\u00ae Erfahrungsberichte \u2013 Pers\u00f6nliche R\u00fcckmeldungen\",\"isPartOf\":{\"@id\":\"https:\\\/\\\/www.keytobetterlife.com\\\/de\\\/#website\"},\"datePublished\":\"2024-07-25T20:26:28+00:00\",\"dateModified\":\"2026-02-11T21:26:17+00:00\",\"description\":\"RTT\u00ae Erfahrungsberichte im \u00dcberblick: Pers\u00f6nliche R\u00fcckmeldungen von Klientinnen und Klienten zur Begleitung mit RTT\u00ae und Coaching.\",\"breadcrumb\":{\"@id\":\"https:\\\/\\\/www.keytobetterlife.com\\\/de\\\/erfahrungsberichte\\\/#breadcrumb\"},\"inLanguage\":\"de\",\"potentialAction\":[{\"@type\":\"ReadAction\",\"target\":[\"https:\\\/\\\/www.keytobetterlife.com\\\/de\\\/erfahrungsberichte\\\/\"]}]},{\"@type\":\"BreadcrumbList\",\"@id\":\"https:\\\/\\\/www.keytobetterlife.com\\\/de\\\/erfahrungsberichte\\\/#breadcrumb\",\"itemListElement\":[{\"@type\":\"ListItem\",\"position\":1,\"name\":\"Startseite\",\"item\":\"https:\\\/\\\/www.keytobetterlife.com\\\/de\\\/\"},{\"@type\":\"ListItem\",\"position\":2,\"name\":\"Erfahrungsberichte\"}]},{\"@type\":\"WebSite\",\"@id\":\"https:\\\/\\\/www.keytobetterlife.com\\\/de\\\/#website\",\"url\":\"https:\\\/\\\/www.keytobetterlife.com\\\/de\\\/\",\"name\":\"Key To Better Life\",\"description\":\"Rapid Transformation Therapy (RTT)\",\"publisher\":{\"@id\":\"https:\\\/\\\/www.keytobetterlife.com\\\/de\\\/#organization\"},\"potentialAction\":[{\"@type\":\"SearchAction\",\"target\":{\"@type\":\"EntryPoint\",\"urlTemplate\":\"https:\\\/\\\/www.keytobetterlife.com\\\/de\\\/?s={search_term_string}\"},\"query-input\":{\"@type\":\"PropertyValueSpecification\",\"valueRequired\":true,\"valueName\":\"search_term_string\"}}],\"inLanguage\":\"de\"},{\"@type\":\"Organization\",\"@id\":\"https:\\\/\\\/www.keytobetterlife.com\\\/de\\\/#organization\",\"name\":\"Key To Better Life\",\"url\":\"https:\\\/\\\/www.keytobetterlife.com\\\/de\\\/\",\"logo\":{\"@type\":\"ImageObject\",\"inLanguage\":\"de\",\"@id\":\"https:\\\/\\\/www.keytobetterlife.com\\\/de\\\/#\\\/schema\\\/logo\\\/image\\\/\",\"url\":\"https:\\\/\\\/www.keytobetterlife.com\\\/wp-content\\\/uploads\\\/2025\\\/07\\\/KTBL_Logo_final.svg\",\"contentUrl\":\"https:\\\/\\\/www.keytobetterlife.com\\\/wp-content\\\/uploads\\\/2025\\\/07\\\/KTBL_Logo_final.svg\",\"width\":300,\"height\":85,\"caption\":\"Key To Better Life\"},\"image\":{\"@id\":\"https:\\\/\\\/www.keytobetterlife.com\\\/de\\\/#\\\/schema\\\/logo\\\/image\\\/\"}}]}<\/script>\n<!-- \/ Yoast SEO plugin. -->","yoast_head_json":{"title":"RTT\u00ae Erfahrungsberichte \u2013 Pers\u00f6nliche R\u00fcckmeldungen","description":"RTT\u00ae Erfahrungsberichte im \u00dcberblick: Pers\u00f6nliche R\u00fcckmeldungen von Klientinnen und Klienten zur Begleitung mit RTT\u00ae und Coaching.","robots":{"index":"index","follow":"follow","max-snippet":"max-snippet:-1","max-image-preview":"max-image-preview:large","max-video-preview":"max-video-preview:-1"},"canonical":"https:\/\/www.keytobetterlife.com\/de\/erfahrungsberichte\/","og_locale":"de_DE","og_type":"article","og_title":"RTT\u00ae Erfahrungsberichte \u2013 Pers\u00f6nliche R\u00fcckmeldungen","og_description":"RTT\u00ae Erfahrungsberichte im \u00dcberblick: Pers\u00f6nliche R\u00fcckmeldungen von Klientinnen und Klienten zur Begleitung mit RTT\u00ae und Coaching.","og_url":"https:\/\/www.keytobetterlife.com\/de\/erfahrungsberichte\/","og_site_name":"Key To Better Life","article_modified_time":"2026-02-11T21:26:17+00:00","twitter_card":"summary_large_image","twitter_misc":{"Gesch\u00e4tzte Lesezeit":"1\u00a0Minute"},"schema":{"@context":"https:\/\/schema.org","@graph":[{"@type":"WebPage","@id":"https:\/\/www.keytobetterlife.com\/de\/erfahrungsberichte\/","url":"https:\/\/www.keytobetterlife.com\/de\/erfahrungsberichte\/","name":"RTT\u00ae Erfahrungsberichte \u2013 Pers\u00f6nliche R\u00fcckmeldungen","isPartOf":{"@id":"https:\/\/www.keytobetterlife.com\/de\/#website"},"datePublished":"2024-07-25T20:26:28+00:00","dateModified":"2026-02-11T21:26:17+00:00","description":"RTT\u00ae Erfahrungsberichte im \u00dcberblick: Pers\u00f6nliche R\u00fcckmeldungen von Klientinnen und Klienten zur Begleitung mit RTT\u00ae und Coaching.","breadcrumb":{"@id":"https:\/\/www.keytobetterlife.com\/de\/erfahrungsberichte\/#breadcrumb"},"inLanguage":"de","potentialAction":[{"@type":"ReadAction","target":["https:\/\/www.keytobetterlife.com\/de\/erfahrungsberichte\/"]}]},{"@type":"BreadcrumbList","@id":"https:\/\/www.keytobetterlife.com\/de\/erfahrungsberichte\/#breadcrumb","itemListElement":[{"@type":"ListItem","position":1,"name":"Startseite","item":"https:\/\/www.keytobetterlife.com\/de\/"},{"@type":"ListItem","position":2,"name":"Erfahrungsberichte"}]},{"@type":"WebSite","@id":"https:\/\/www.keytobetterlife.com\/de\/#website","url":"https:\/\/www.keytobetterlife.com\/de\/","name":"Key To Better Life","description":"Rapid Transformation Therapy (RTT)","publisher":{"@id":"https:\/\/www.keytobetterlife.com\/de\/#organization"},"potentialAction":[{"@type":"SearchAction","target":{"@type":"EntryPoint","urlTemplate":"https:\/\/www.keytobetterlife.com\/de\/?s={search_term_string}"},"query-input":{"@type":"PropertyValueSpecification","valueRequired":true,"valueName":"search_term_string"}}],"inLanguage":"de"},{"@type":"Organization","@id":"https:\/\/www.keytobetterlife.com\/de\/#organization","name":"Key To Better Life","url":"https:\/\/www.keytobetterlife.com\/de\/","logo":{"@type":"ImageObject","inLanguage":"de","@id":"https:\/\/www.keytobetterlife.com\/de\/#\/schema\/logo\/image\/","url":"https:\/\/www.keytobetterlife.com\/wp-content\/uploads\/2025\/07\/KTBL_Logo_final.svg","contentUrl":"https:\/\/www.keytobetterlife.com\/wp-content\/uploads\/2025\/07\/KTBL_Logo_final.svg","width":300,"height":85,"caption":"Key To Better Life"},"image":{"@id":"https:\/\/www.keytobetterlife.com\/de\/#\/schema\/logo\/image\/"}}]}},"_links":{"self":[{"href":"https:\/\/www.keytobetterlife.com\/de\/wp-json\/wp\/v2\/pages\/2412","targetHints":{"allow":["GET"]}}],"collection":[{"href":"https:\/\/www.keytobetterlife.com\/de\/wp-json\/wp\/v2\/pages"}],"about":[{"href":"https:\/\/www.keytobetterlife.com\/de\/wp-json\/wp\/v2\/types\/page"}],"author":[{"embeddable":true,"href":"https:\/\/www.keytobetterlife.com\/de\/wp-json\/wp\/v2\/users\/1"}],"replies":[{"embeddable":true,"href":"https:\/\/www.keytobetterlife.com\/de\/wp-json\/wp\/v2\/comments?post=2412"}],"version-history":[{"count":10,"href":"https:\/\/www.keytobetterlife.com\/de\/wp-json\/wp\/v2\/pages\/2412\/revisions"}],"predecessor-version":[{"id":3356,"href":"https:\/\/www.keytobetterlife.com\/de\/wp-json\/wp\/v2\/pages\/2412\/revisions\/3356"}],"wp:attachment":[{"href":"https:\/\/www.keytobetterlife.com\/de\/wp-json\/wp\/v2\/media?parent=2412"}],"curies":[{"name":"wp","href":"https:\/\/api.w.org\/{rel}","templated":true}]}}