{"id":2421,"date":"2025-07-08T16:15:04","date_gmt":"2025-07-08T14:15:04","guid":{"rendered":"https:\/\/www.keytobetterlife.com\/?page_id=2421"},"modified":"2026-04-15T18:47:33","modified_gmt":"2026-04-15T16:47:33","slug":"der-tiefgang-60-tage","status":"publish","type":"page","link":"https:\/\/www.keytobetterlife.com\/de\/arbeite-mit-mir\/der-tiefgang-60-tage\/","title":{"rendered":"Der Tiefgang (60 Tage)"},"content":{"rendered":"\n<div class=\"gbp-section gb-element-dd36cde9\">\n<div class=\"gb-element-1f0cca52\">\n<div class=\"gb-element-21dcde8d\">\n<h1 class=\"gb-text gbp-section__headline gb-text-6fd42ee8\">Der Tiefgang<\/h1>\n\n\n\n<p class=\"gb-text hero-text-duration\">(60 Tage)<\/p>\n\n\n\n<div class=\"gb-text gbp-section__text gb-text-3df457fa\"><strong>Zeit f\u00fcr vertiefte Auseinandersetzung.<\/strong><br>Manche Themen lassen sich nicht in wenigen Wochen kl\u00e4ren. Dieses 60-Tage-Format bietet dir mehr Raum, um komplexere innere Muster behutsam und strukturiert zu betrachten.<\/div>\n\n\n\n<div class=\"gb-element-425e2d4a\">\n<a class=\"gb-text gbp-button--primary gb-text-ab6c7a55\" href=\"https:\/\/www.keytobetterlife.com\/de\/arbeite-mit-mir\/kostenfreies-erstgespraech\/\">Kostenfreies Erstgespr\u00e4ch buchen<\/a>\n<\/div>\n<\/div>\n<\/div>\n\n\n\n<div class=\"hero-image-fit gb-element-bd69b936\"><\/div>\n<\/div>\n\n\n\n<div class=\"gbp-section gb-element-efd3ffc1\">\n<span class=\"gb-shape gb-shape-d6340fab gb-shape--divider\"><svg xmlns=\"http:\/\/www.w3.org\/2000\/svg\" viewBox=\"0 0 1200 194.3\" preserveAspectRatio=\"none\"><path d=\"M1200 133.3l-50 8.9c-50 8.6-150 26.9-250 31.1-100 4.2-200-4.2-300-26.7S400 89.2 300 62.2C200 35.8 100 17.5 50 8.9L0 0v194.3h1200v-61z\"><\/path><\/svg><\/span>\n\n\n\n<div class=\"gb-element-5fa7b5cb\">\n<div class=\"gb-element-9a892545\">\n<div class=\"certificate-image__wrapper\">\n<img loading=\"lazy\" decoding=\"async\" width=\"851\" height=\"851\" class=\"certificate-image\" src=\"https:\/\/www.keytobetterlife.com\/wp-content\/uploads\/2025\/07\/RTT_Therapist_Roundel_Logo.webp\" title=\"RTT_Therapist_Roundel_Logo\" alt=\"Logo RTT Therapist Roundel\" srcset=\"https:\/\/www.keytobetterlife.com\/wp-content\/uploads\/2025\/07\/RTT_Therapist_Roundel_Logo.webp 851w, https:\/\/www.keytobetterlife.com\/wp-content\/uploads\/2025\/07\/RTT_Therapist_Roundel_Logo-300x300.webp 300w, https:\/\/www.keytobetterlife.com\/wp-content\/uploads\/2025\/07\/RTT_Therapist_Roundel_Logo-150x150.webp 150w, https:\/\/www.keytobetterlife.com\/wp-content\/uploads\/2025\/07\/RTT_Therapist_Roundel_Logo-768x768.webp 768w\" sizes=\"auto, (max-width: 851px) 100vw, 851px\" \/>\n<\/div>\n\n\n\n<div class=\"certificate-image__wrapper\">\n<img loading=\"lazy\" decoding=\"async\" width=\"1200\" height=\"800\" class=\"certificate-image\" src=\"https:\/\/www.keytobetterlife.com\/wp-content\/uploads\/2025\/07\/Certficate_RTT.webp\" title=\"Certficate_RTT\" alt=\"Certificate Rapid Transformational Therapist Mariam Konner\" srcset=\"https:\/\/www.keytobetterlife.com\/wp-content\/uploads\/2025\/07\/Certficate_RTT.webp 1200w, https:\/\/www.keytobetterlife.com\/wp-content\/uploads\/2025\/07\/Certficate_RTT-300x200.webp 300w, https:\/\/www.keytobetterlife.com\/wp-content\/uploads\/2025\/07\/Certficate_RTT-1024x683.webp 1024w, https:\/\/www.keytobetterlife.com\/wp-content\/uploads\/2025\/07\/Certficate_RTT-768x512.webp 768w\" sizes=\"auto, (max-width: 1200px) 100vw, 1200px\" \/>\n<\/div>\n\n\n\n<div class=\"certificate-image__wrapper\">\n<img loading=\"lazy\" decoding=\"async\" width=\"1200\" height=\"800\" class=\"certificate-image\" src=\"https:\/\/www.keytobetterlife.com\/wp-content\/uploads\/2025\/07\/Certificate_Certified_Hypnotherapist.webp\" title=\"Certificate_Certified_Hypnotherapist\" alt=\"Certificate Certified Hypnotherapist Mariam Konner\" srcset=\"https:\/\/www.keytobetterlife.com\/wp-content\/uploads\/2025\/07\/Certificate_Certified_Hypnotherapist.webp 1200w, https:\/\/www.keytobetterlife.com\/wp-content\/uploads\/2025\/07\/Certificate_Certified_Hypnotherapist-300x200.webp 300w, https:\/\/www.keytobetterlife.com\/wp-content\/uploads\/2025\/07\/Certificate_Certified_Hypnotherapist-1024x683.webp 1024w, https:\/\/www.keytobetterlife.com\/wp-content\/uploads\/2025\/07\/Certificate_Certified_Hypnotherapist-768x512.webp 768w\" sizes=\"auto, (max-width: 1200px) 100vw, 1200px\" \/>\n<\/div>\n\n\n\n<div class=\"certificate-image__wrapper\">\n<img loading=\"lazy\" decoding=\"async\" width=\"1200\" height=\"800\" class=\"certificate-image\" src=\"https:\/\/www.keytobetterlife.com\/wp-content\/uploads\/2025\/07\/Certificate_RTT_Practioner.webp\" title=\"Certificate_RTT_Practioner\" alt=\"Certificate Rapid Transformational Therapy Practioner Mariam Konner\" srcset=\"https:\/\/www.keytobetterlife.com\/wp-content\/uploads\/2025\/07\/Certificate_RTT_Practioner.webp 1200w, https:\/\/www.keytobetterlife.com\/wp-content\/uploads\/2025\/07\/Certificate_RTT_Practioner-300x200.webp 300w, https:\/\/www.keytobetterlife.com\/wp-content\/uploads\/2025\/07\/Certificate_RTT_Practioner-1024x683.webp 1024w, https:\/\/www.keytobetterlife.com\/wp-content\/uploads\/2025\/07\/Certificate_RTT_Practioner-768x512.webp 768w\" sizes=\"auto, (max-width: 1200px) 100vw, 1200px\" \/>\n<\/div>\n\n\n\n<div class=\"certificate-image__wrapper\">\n<img loading=\"lazy\" decoding=\"async\" width=\"1200\" height=\"927\" class=\"certificate-image\" src=\"https:\/\/www.keytobetterlife.com\/wp-content\/uploads\/2025\/11\/IACT-Certified-Hypnotist_pdf-Konner.webp\" title=\"IACT-Certified-Hypnotist_pdf-Konner\" alt=\"I.A.C.T Certified Hypnotherapist Mariam Konner\" srcset=\"https:\/\/www.keytobetterlife.com\/wp-content\/uploads\/2025\/11\/IACT-Certified-Hypnotist_pdf-Konner.webp 1200w, https:\/\/www.keytobetterlife.com\/wp-content\/uploads\/2025\/11\/IACT-Certified-Hypnotist_pdf-Konner-300x232.webp 300w, https:\/\/www.keytobetterlife.com\/wp-content\/uploads\/2025\/11\/IACT-Certified-Hypnotist_pdf-Konner-1024x791.webp 1024w, https:\/\/www.keytobetterlife.com\/wp-content\/uploads\/2025\/11\/IACT-Certified-Hypnotist_pdf-Konner-768x593.webp 768w\" sizes=\"auto, (max-width: 1200px) 100vw, 1200px\" \/>\n<\/div>\n\n\n\n<div class=\"certificate-image__wrapper\">\n<img loading=\"lazy\" decoding=\"async\" width=\"800\" height=\"783\" class=\"certificate-image\" src=\"https:\/\/www.keytobetterlife.com\/wp-content\/uploads\/2025\/11\/IACT_international_Association_of_Counselors_and_Therapists_Dr_Konner.webp\" title=\"IACT_international_Association_of_Counselors_and_Therapists_Dr_Konner\" alt=\"I.A.C.T International Association of Counselors and Therapists\" srcset=\"https:\/\/www.keytobetterlife.com\/wp-content\/uploads\/2025\/11\/IACT_international_Association_of_Counselors_and_Therapists_Dr_Konner.webp 800w, https:\/\/www.keytobetterlife.com\/wp-content\/uploads\/2025\/11\/IACT_international_Association_of_Counselors_and_Therapists_Dr_Konner-300x294.webp 300w, https:\/\/www.keytobetterlife.com\/wp-content\/uploads\/2025\/11\/IACT_international_Association_of_Counselors_and_Therapists_Dr_Konner-768x752.webp 768w\" sizes=\"auto, (max-width: 800px) 100vw, 800px\" \/>\n<\/div>\n\n\n\n<div class=\"certificate-image__wrapper\">\n<img loading=\"lazy\" decoding=\"async\" width=\"851\" height=\"851\" class=\"certificate-image\" src=\"https:\/\/www.keytobetterlife.com\/wp-content\/uploads\/2025\/07\/RTT_C_HYP_Logo.webp\" title=\"RTT_C_HYP_Logo\" alt=\"Logo RTT C.Hyp. Rapid Transformational Therapy, Circle\" srcset=\"https:\/\/www.keytobetterlife.com\/wp-content\/uploads\/2025\/07\/RTT_C_HYP_Logo.webp 851w, https:\/\/www.keytobetterlife.com\/wp-content\/uploads\/2025\/07\/RTT_C_HYP_Logo-300x300.webp 300w, https:\/\/www.keytobetterlife.com\/wp-content\/uploads\/2025\/07\/RTT_C_HYP_Logo-150x150.webp 150w, https:\/\/www.keytobetterlife.com\/wp-content\/uploads\/2025\/07\/RTT_C_HYP_Logo-768x768.webp 768w\" sizes=\"auto, (max-width: 851px) 100vw, 851px\" \/>\n<\/div>\n<\/div>\n<\/div>\n\n\n\n<div class=\"gbp-section gb-element-b9827a55\">\n<div class=\"gbp-section__inner gb-element-031e1c11\">\n<div class=\"gb-element-db745059\">\n<h2 class=\"gb-text gbp-section__headline\">Der Tiefgang (60 Tage)<\/h2>\n\n\n\n<h3 class=\"gb-text\">Mehr Raum f\u00fcr vertiefte Auseinandersetzung.<\/h3>\n\n\n\n<p class=\"gb-text\">Dieses Programm richtet sich an Menschen, die merken, dass ihre Themen mehrere Ebenen ber\u00fchren \u2013 und die sich daf\u00fcr einen erweiterten, verl\u00e4sslichen Rahmen w\u00fcnschen.<\/p>\n\n\n\n<p>\u00dcber zwei aufeinander aufbauende Zyklen verbinden wir strukturierte Hypnosearbeit mit begleitenden Gespr\u00e4chen. <\/p>\n\n\n\n<p>Ziel ist es, wiederkehrende Muster differenzierter einzuordnen und deinen Umgang damit bewusster zu gestalten \u2013 ruhig, nachvollziehbar und ohne vorschnelle Versprechen.<\/p>\n<\/div>\n<\/div>\n\n\n\n<div class=\"gbp-section__inner gb-element-d7f6b631\">\n<div class=\"gb-element-b3fd5a64\">\n<h4 class=\"gb-text\">Geeignet f\u00fcr dich, wenn &#8230;<\/h4>\n\n\n\n<ul class=\"wp-block-list\">\n<li>sich emotionale Muster immer <strong>wiederholen<\/strong><\/li>\n\n\n\n<li><strong>Selbstzweifel<\/strong> oder das <strong>Hochstapler-Gef\u00fch<\/strong>l viel Raum einnehmen<\/li>\n\n\n\n<li><strong>Beziehungsthemen<\/strong> erneut auftauchen<\/li>\n\n\n\n<li>du dir eine <strong>intensivere Begleitung<\/strong> w\u00fcnschst<\/li>\n<\/ul>\n\n\n\n<p class=\"gb-text\"><em>(Erfahre mehr \u00fcber <a href=\"https:\/\/www.keytobetterlife.com\/de\/arbeite-mit-mir\/der-rtt-prozess\/\">den RTT<sup>\u00ae-<\/sup>Prozess<\/a> Schritt f\u00fcr Schritt in einem 30-Tage-Beispiel.)<\/em><\/p>\n\n\n\n<h4 class=\"gb-text\">Der Tiefgang (60 Tage) beinhaltet<\/h4>\n\n\n\n<ul class=\"wp-block-list\">\n<li><strong>Erstes Kennenlernen<\/strong> (kostenfrei)<\/li>\n\n\n\n<li><strong>Vorbereitungsgespr\u00e4ch<\/strong><\/li>\n\n\n\n<li><strong>Zwei RTT<sup>\u00ae<\/sup>-Zyklen<\/strong> mit jeweils:\n<ul class=\"wp-block-list\">\n<li>einer <strong>RTT<sup>\u00ae<\/sup>-Sitzung<\/strong> (ca. 1\u20132,5 Stunden)<\/li>\n\n\n\n<li>einer individuellen begleitenden <strong>Audioaufnahme<\/strong><\/li>\n\n\n\n<li>einem <strong>Coaching-Zyklus<\/strong>&nbsp;(w\u00f6chentliche Sitzungen per Telefon oder Video)<\/li>\n<\/ul>\n<\/li>\n\n\n\n<li>Ein <strong>Integrationsgespr\u00e4ch<\/strong> zur gemeinsamen Einordnung der bisherigen Erfahrungen<\/li>\n<\/ul>\n\n\n\n<h4 class=\"wp-block-heading\">M\u00f6chtest du pr\u00fcfen, ob dieses Format f\u00fcr dich passend ist?<\/h4>\n\n\n\n<p>In einem unverbindlichen und f\u00fcr dich kostenfreien Erstgespr\u00e4ch kl\u00e4ren wir gemeinsam, welche Form der Begleitung f\u00fcr deine aktuelle Situation stimmig sein kann.<\/p>\n\n\n\n<div class=\"gb-element-9502043a\">\n<a class=\"gb-text gbp-button--primary gb-text-347073ea\" href=\"https:\/\/www.keytobetterlife.com\/de\/arbeite-mit-mir\/kostenfreies-erstgespraech\/\">Erstgespr\u00e4ch buchen<\/a>\n<\/div>\n<\/div>\n\n\n\n<div class=\"image-border gb-element-fc8ee1aa\">\n<img loading=\"lazy\" decoding=\"async\" width=\"280\" height=\"280\" class=\"gb-media-ab11099f\" src=\"https:\/\/www.keytobetterlife.com\/wp-content\/uploads\/2025\/08\/icon_deep_dive.svg\" title=\"icon_deep_dive\" alt=\"Key to better Life \u2013 Icon The Deep Dive\"\/>\n<\/div>\n<\/div>\n<\/div>\n<\/div>\n","protected":false},"excerpt":{"rendered":"<p>Der Tiefgang (60 Tage) Zeit f\u00fcr vertiefte Auseinandersetzung.Manche Themen lassen sich nicht in wenigen Wochen kl\u00e4ren. Dieses 60-Tage-Format bietet dir mehr Raum, um komplexere innere Muster behutsam und strukturiert zu betrachten. Kostenfreies Erstgespr\u00e4ch buchen Der Tiefgang (60 Tage) Mehr Raum f\u00fcr vertiefte Auseinandersetzung. Dieses Programm richtet sich an Menschen, die merken, dass ihre Themen mehrere &#8230; <a title=\"Der Tiefgang (60 Tage)\" class=\"read-more\" href=\"https:\/\/www.keytobetterlife.com\/de\/arbeite-mit-mir\/der-tiefgang-60-tage\/\" aria-label=\"Mehr Informationen \u00fcber Der Tiefgang (60 Tage)\">Weiterlesen &#8230;<\/a><\/p>\n","protected":false},"author":1,"featured_media":0,"parent":2414,"menu_order":0,"comment_status":"closed","ping_status":"closed","template":"","meta":{"footnotes":""},"class_list":["post-2421","page","type-page","status-publish"],"yoast_head":"<!-- This site is optimized with the Yoast SEO plugin v27.4 - https:\/\/yoast.com\/product\/yoast-seo-wordpress\/ -->\n<title>Der Tiefgang (60 Tage) | Hypnose bei wiederkehrenden Mustern<\/title>\n<meta name=\"description\" content=\"Ein 60-Tage-Programm f\u00fcr Menschen, die wiederkehrende emotionale Muster differenzierter betrachten m\u00f6chten, begleitet durch RTT\u00ae und Coaching.\" \/>\n<meta name=\"robots\" content=\"index, follow, max-snippet:-1, max-image-preview:large, max-video-preview:-1\" \/>\n<link rel=\"canonical\" href=\"https:\/\/www.keytobetterlife.com\/de\/arbeite-mit-mir\/der-tiefgang-60-tage\/\" \/>\n<meta property=\"og:locale\" content=\"de_DE\" \/>\n<meta property=\"og:type\" content=\"article\" \/>\n<meta property=\"og:title\" content=\"Der Tiefgang (60 Tage) | Hypnose bei wiederkehrenden Mustern\" \/>\n<meta property=\"og:description\" content=\"Ein 60-Tage-Programm f\u00fcr Menschen, die wiederkehrende emotionale Muster differenzierter betrachten m\u00f6chten, begleitet durch RTT\u00ae und Coaching.\" \/>\n<meta property=\"og:url\" content=\"https:\/\/www.keytobetterlife.com\/de\/arbeite-mit-mir\/der-tiefgang-60-tage\/\" \/>\n<meta property=\"og:site_name\" content=\"Key To Better Life\" \/>\n<meta property=\"article:modified_time\" content=\"2026-04-15T16:47:33+00:00\" \/>\n<meta property=\"og:image\" content=\"https:\/\/www.keytobetterlife.com\/wp-content\/uploads\/2025\/08\/icon_deep_dive.svg\" \/>\n<meta name=\"twitter:card\" content=\"summary_large_image\" \/>\n<meta name=\"twitter:label1\" content=\"Gesch\u00e4tzte Lesezeit\" \/>\n\t<meta name=\"twitter:data1\" content=\"3\u00a0Minuten\" \/>\n<script type=\"application\/ld+json\" class=\"yoast-schema-graph\">{\"@context\":\"https:\\\/\\\/schema.org\",\"@graph\":[{\"@type\":\"WebPage\",\"@id\":\"https:\\\/\\\/www.keytobetterlife.com\\\/de\\\/arbeite-mit-mir\\\/der-tiefgang-60-tage\\\/\",\"url\":\"https:\\\/\\\/www.keytobetterlife.com\\\/de\\\/arbeite-mit-mir\\\/der-tiefgang-60-tage\\\/\",\"name\":\"Der Tiefgang (60 Tage) | Hypnose bei wiederkehrenden Mustern\",\"isPartOf\":{\"@id\":\"https:\\\/\\\/www.keytobetterlife.com\\\/de\\\/#website\"},\"primaryImageOfPage\":{\"@id\":\"https:\\\/\\\/www.keytobetterlife.com\\\/de\\\/arbeite-mit-mir\\\/der-tiefgang-60-tage\\\/#primaryimage\"},\"image\":{\"@id\":\"https:\\\/\\\/www.keytobetterlife.com\\\/de\\\/arbeite-mit-mir\\\/der-tiefgang-60-tage\\\/#primaryimage\"},\"thumbnailUrl\":\"https:\\\/\\\/www.keytobetterlife.com\\\/wp-content\\\/uploads\\\/2025\\\/08\\\/icon_deep_dive.svg\",\"datePublished\":\"2025-07-08T14:15:04+00:00\",\"dateModified\":\"2026-04-15T16:47:33+00:00\",\"description\":\"Ein 60-Tage-Programm f\u00fcr Menschen, die wiederkehrende emotionale Muster differenzierter betrachten m\u00f6chten, begleitet durch RTT\u00ae und Coaching.\",\"breadcrumb\":{\"@id\":\"https:\\\/\\\/www.keytobetterlife.com\\\/de\\\/arbeite-mit-mir\\\/der-tiefgang-60-tage\\\/#breadcrumb\"},\"inLanguage\":\"de\",\"potentialAction\":[{\"@type\":\"ReadAction\",\"target\":[\"https:\\\/\\\/www.keytobetterlife.com\\\/de\\\/arbeite-mit-mir\\\/der-tiefgang-60-tage\\\/\"]}]},{\"@type\":\"ImageObject\",\"inLanguage\":\"de\",\"@id\":\"https:\\\/\\\/www.keytobetterlife.com\\\/de\\\/arbeite-mit-mir\\\/der-tiefgang-60-tage\\\/#primaryimage\",\"url\":\"https:\\\/\\\/www.keytobetterlife.com\\\/wp-content\\\/uploads\\\/2025\\\/08\\\/icon_deep_dive.svg\",\"contentUrl\":\"https:\\\/\\\/www.keytobetterlife.com\\\/wp-content\\\/uploads\\\/2025\\\/08\\\/icon_deep_dive.svg\"},{\"@type\":\"BreadcrumbList\",\"@id\":\"https:\\\/\\\/www.keytobetterlife.com\\\/de\\\/arbeite-mit-mir\\\/der-tiefgang-60-tage\\\/#breadcrumb\",\"itemListElement\":[{\"@type\":\"ListItem\",\"position\":1,\"name\":\"Startseite\",\"item\":\"https:\\\/\\\/www.keytobetterlife.com\\\/de\\\/\"},{\"@type\":\"ListItem\",\"position\":2,\"name\":\"Arbeite mit mir\",\"item\":\"https:\\\/\\\/www.keytobetterlife.com\\\/de\\\/arbeite-mit-mir\\\/\"},{\"@type\":\"ListItem\",\"position\":3,\"name\":\"Der Tiefgang (60 Tage)\"}]},{\"@type\":\"WebSite\",\"@id\":\"https:\\\/\\\/www.keytobetterlife.com\\\/de\\\/#website\",\"url\":\"https:\\\/\\\/www.keytobetterlife.com\\\/de\\\/\",\"name\":\"Key To Better Life\",\"description\":\"Rapid Transformation Therapy (RTT)\",\"publisher\":{\"@id\":\"https:\\\/\\\/www.keytobetterlife.com\\\/de\\\/#organization\"},\"potentialAction\":[{\"@type\":\"SearchAction\",\"target\":{\"@type\":\"EntryPoint\",\"urlTemplate\":\"https:\\\/\\\/www.keytobetterlife.com\\\/de\\\/?s={search_term_string}\"},\"query-input\":{\"@type\":\"PropertyValueSpecification\",\"valueRequired\":true,\"valueName\":\"search_term_string\"}}],\"inLanguage\":\"de\"},{\"@type\":\"Organization\",\"@id\":\"https:\\\/\\\/www.keytobetterlife.com\\\/de\\\/#organization\",\"name\":\"Key To Better Life\",\"url\":\"https:\\\/\\\/www.keytobetterlife.com\\\/de\\\/\",\"logo\":{\"@type\":\"ImageObject\",\"inLanguage\":\"de\",\"@id\":\"https:\\\/\\\/www.keytobetterlife.com\\\/de\\\/#\\\/schema\\\/logo\\\/image\\\/\",\"url\":\"https:\\\/\\\/www.keytobetterlife.com\\\/wp-content\\\/uploads\\\/2025\\\/07\\\/KTBL_Logo_final.svg\",\"contentUrl\":\"https:\\\/\\\/www.keytobetterlife.com\\\/wp-content\\\/uploads\\\/2025\\\/07\\\/KTBL_Logo_final.svg\",\"width\":300,\"height\":85,\"caption\":\"Key To Better Life\"},\"image\":{\"@id\":\"https:\\\/\\\/www.keytobetterlife.com\\\/de\\\/#\\\/schema\\\/logo\\\/image\\\/\"}}]}<\/script>\n<!-- \/ Yoast SEO plugin. -->","yoast_head_json":{"title":"Der Tiefgang (60 Tage) | Hypnose bei wiederkehrenden Mustern","description":"Ein 60-Tage-Programm f\u00fcr Menschen, die wiederkehrende emotionale Muster differenzierter betrachten m\u00f6chten, begleitet durch RTT\u00ae und Coaching.","robots":{"index":"index","follow":"follow","max-snippet":"max-snippet:-1","max-image-preview":"max-image-preview:large","max-video-preview":"max-video-preview:-1"},"canonical":"https:\/\/www.keytobetterlife.com\/de\/arbeite-mit-mir\/der-tiefgang-60-tage\/","og_locale":"de_DE","og_type":"article","og_title":"Der Tiefgang (60 Tage) | Hypnose bei wiederkehrenden Mustern","og_description":"Ein 60-Tage-Programm f\u00fcr Menschen, die wiederkehrende emotionale Muster differenzierter betrachten m\u00f6chten, begleitet durch RTT\u00ae und Coaching.","og_url":"https:\/\/www.keytobetterlife.com\/de\/arbeite-mit-mir\/der-tiefgang-60-tage\/","og_site_name":"Key To Better Life","article_modified_time":"2026-04-15T16:47:33+00:00","og_image":[{"url":"https:\/\/www.keytobetterlife.com\/wp-content\/uploads\/2025\/08\/icon_deep_dive.svg","type":"","width":"","height":""}],"twitter_card":"summary_large_image","twitter_misc":{"Gesch\u00e4tzte Lesezeit":"3\u00a0Minuten"},"schema":{"@context":"https:\/\/schema.org","@graph":[{"@type":"WebPage","@id":"https:\/\/www.keytobetterlife.com\/de\/arbeite-mit-mir\/der-tiefgang-60-tage\/","url":"https:\/\/www.keytobetterlife.com\/de\/arbeite-mit-mir\/der-tiefgang-60-tage\/","name":"Der Tiefgang (60 Tage) | Hypnose bei wiederkehrenden Mustern","isPartOf":{"@id":"https:\/\/www.keytobetterlife.com\/de\/#website"},"primaryImageOfPage":{"@id":"https:\/\/www.keytobetterlife.com\/de\/arbeite-mit-mir\/der-tiefgang-60-tage\/#primaryimage"},"image":{"@id":"https:\/\/www.keytobetterlife.com\/de\/arbeite-mit-mir\/der-tiefgang-60-tage\/#primaryimage"},"thumbnailUrl":"https:\/\/www.keytobetterlife.com\/wp-content\/uploads\/2025\/08\/icon_deep_dive.svg","datePublished":"2025-07-08T14:15:04+00:00","dateModified":"2026-04-15T16:47:33+00:00","description":"Ein 60-Tage-Programm f\u00fcr Menschen, die wiederkehrende emotionale Muster differenzierter betrachten m\u00f6chten, begleitet durch RTT\u00ae und Coaching.","breadcrumb":{"@id":"https:\/\/www.keytobetterlife.com\/de\/arbeite-mit-mir\/der-tiefgang-60-tage\/#breadcrumb"},"inLanguage":"de","potentialAction":[{"@type":"ReadAction","target":["https:\/\/www.keytobetterlife.com\/de\/arbeite-mit-mir\/der-tiefgang-60-tage\/"]}]},{"@type":"ImageObject","inLanguage":"de","@id":"https:\/\/www.keytobetterlife.com\/de\/arbeite-mit-mir\/der-tiefgang-60-tage\/#primaryimage","url":"https:\/\/www.keytobetterlife.com\/wp-content\/uploads\/2025\/08\/icon_deep_dive.svg","contentUrl":"https:\/\/www.keytobetterlife.com\/wp-content\/uploads\/2025\/08\/icon_deep_dive.svg"},{"@type":"BreadcrumbList","@id":"https:\/\/www.keytobetterlife.com\/de\/arbeite-mit-mir\/der-tiefgang-60-tage\/#breadcrumb","itemListElement":[{"@type":"ListItem","position":1,"name":"Startseite","item":"https:\/\/www.keytobetterlife.com\/de\/"},{"@type":"ListItem","position":2,"name":"Arbeite mit mir","item":"https:\/\/www.keytobetterlife.com\/de\/arbeite-mit-mir\/"},{"@type":"ListItem","position":3,"name":"Der Tiefgang (60 Tage)"}]},{"@type":"WebSite","@id":"https:\/\/www.keytobetterlife.com\/de\/#website","url":"https:\/\/www.keytobetterlife.com\/de\/","name":"Key To Better Life","description":"Rapid Transformation Therapy (RTT)","publisher":{"@id":"https:\/\/www.keytobetterlife.com\/de\/#organization"},"potentialAction":[{"@type":"SearchAction","target":{"@type":"EntryPoint","urlTemplate":"https:\/\/www.keytobetterlife.com\/de\/?s={search_term_string}"},"query-input":{"@type":"PropertyValueSpecification","valueRequired":true,"valueName":"search_term_string"}}],"inLanguage":"de"},{"@type":"Organization","@id":"https:\/\/www.keytobetterlife.com\/de\/#organization","name":"Key To Better Life","url":"https:\/\/www.keytobetterlife.com\/de\/","logo":{"@type":"ImageObject","inLanguage":"de","@id":"https:\/\/www.keytobetterlife.com\/de\/#\/schema\/logo\/image\/","url":"https:\/\/www.keytobetterlife.com\/wp-content\/uploads\/2025\/07\/KTBL_Logo_final.svg","contentUrl":"https:\/\/www.keytobetterlife.com\/wp-content\/uploads\/2025\/07\/KTBL_Logo_final.svg","width":300,"height":85,"caption":"Key To Better Life"},"image":{"@id":"https:\/\/www.keytobetterlife.com\/de\/#\/schema\/logo\/image\/"}}]}},"_links":{"self":[{"href":"https:\/\/www.keytobetterlife.com\/de\/wp-json\/wp\/v2\/pages\/2421","targetHints":{"allow":["GET"]}}],"collection":[{"href":"https:\/\/www.keytobetterlife.com\/de\/wp-json\/wp\/v2\/pages"}],"about":[{"href":"https:\/\/www.keytobetterlife.com\/de\/wp-json\/wp\/v2\/types\/page"}],"author":[{"embeddable":true,"href":"https:\/\/www.keytobetterlife.com\/de\/wp-json\/wp\/v2\/users\/1"}],"replies":[{"embeddable":true,"href":"https:\/\/www.keytobetterlife.com\/de\/wp-json\/wp\/v2\/comments?post=2421"}],"version-history":[{"count":28,"href":"https:\/\/www.keytobetterlife.com\/de\/wp-json\/wp\/v2\/pages\/2421\/revisions"}],"predecessor-version":[{"id":4333,"href":"https:\/\/www.keytobetterlife.com\/de\/wp-json\/wp\/v2\/pages\/2421\/revisions\/4333"}],"up":[{"embeddable":true,"href":"https:\/\/www.keytobetterlife.com\/de\/wp-json\/wp\/v2\/pages\/2414"}],"wp:attachment":[{"href":"https:\/\/www.keytobetterlife.com\/de\/wp-json\/wp\/v2\/media?parent=2421"}],"curies":[{"name":"wp","href":"https:\/\/api.w.org\/{rel}","templated":true}]}}