{"id":2427,"date":"2025-07-08T16:13:28","date_gmt":"2025-07-08T14:13:28","guid":{"rendered":"https:\/\/www.keytobetterlife.com\/?page_id=2427"},"modified":"2026-02-25T20:08:34","modified_gmt":"2026-02-25T18:08:34","slug":"der-wendepunkt-30-tage","status":"publish","type":"page","link":"https:\/\/www.keytobetterlife.com\/de\/arbeite-mit-mir\/der-wendepunkt-30-tage\/","title":{"rendered":"Der Wendepunkt (30 Tage)"},"content":{"rendered":"\n<div class=\"gbp-section gb-element-dd36cde9\">\n<div class=\"gb-element-1f0cca52\">\n<div class=\"gb-element-21dcde8d\">\n<h1 class=\"gb-text gbp-section__headline gb-text-6fd42ee8\">Der Wendepunkt<\/h1>\n\n\n\n<p class=\"gb-text hero-text-duration\">(30 Tage)<\/p>\n\n\n\n<div class=\"gb-text gbp-section__text gb-text-3df457fa\"><strong>Ein klarer Start.<\/strong><br>Wenn dich ein konkretes Thema gerade nicht losl\u00e4sst, bietet dir dieser 30-Tage-Rahmen die M\u00f6glichkeit, es in Ruhe und mit Struktur genauer anzuschauen \u2013 und erste Schritte neu auszurichten.<\/div>\n\n\n\n<div class=\"gb-element-425e2d4a\">\n<a class=\"gb-text gbp-button--primary gb-text-ab6c7a55\" href=\"https:\/\/www.keytobetterlife.com\/de\/arbeite-mit-mir\/kostenfreies-erstgespraech\/\">Kostenfreies Erstgespr\u00e4ch buchen<\/a>\n<\/div>\n<\/div>\n<\/div>\n\n\n\n<div class=\"hero-image-fit gb-element-bd69b936\"><\/div>\n<\/div>\n\n\n\n<div class=\"gbp-section gb-element-efd3ffc1\">\n<span class=\"gb-shape gb-shape-d6340fab gb-shape--divider\"><svg preserveAspectRatio=\"none\" viewBox=\"0 0 1200 194.3\" xmlns=\"http:\/\/www.w3.org\/2000\/svg\"><path d=\"M1200 133.3l-50 8.9c-50 8.6-150 26.9-250 31.1-100 4.2-200-4.2-300-26.7S400 89.2 300 62.2C200 35.8 100 17.5 50 8.9L0 0v194.3h1200v-61z\"><\/path><\/svg><\/span>\n\n\n\n<div class=\"gb-element-5fa7b5cb\">\n<div class=\"gb-element-9a892545\">\n<div class=\"certificate-image__wrapper\">\n<img loading=\"lazy\" decoding=\"async\" width=\"851\" height=\"851\" class=\"certificate-image\" src=\"https:\/\/www.keytobetterlife.com\/wp-content\/uploads\/2025\/07\/RTT_Therapist_Roundel_Logo.webp\" title=\"RTT_Therapist_Roundel_Logo\" alt=\"Logo RTT Therapist Roundel\" srcset=\"https:\/\/www.keytobetterlife.com\/wp-content\/uploads\/2025\/07\/RTT_Therapist_Roundel_Logo.webp 851w, https:\/\/www.keytobetterlife.com\/wp-content\/uploads\/2025\/07\/RTT_Therapist_Roundel_Logo-300x300.webp 300w, https:\/\/www.keytobetterlife.com\/wp-content\/uploads\/2025\/07\/RTT_Therapist_Roundel_Logo-150x150.webp 150w, https:\/\/www.keytobetterlife.com\/wp-content\/uploads\/2025\/07\/RTT_Therapist_Roundel_Logo-768x768.webp 768w\" sizes=\"auto, (max-width: 851px) 100vw, 851px\" \/>\n<\/div>\n\n\n\n<div class=\"certificate-image__wrapper\">\n<img loading=\"lazy\" decoding=\"async\" width=\"1200\" height=\"800\" class=\"certificate-image\" src=\"https:\/\/www.keytobetterlife.com\/wp-content\/uploads\/2025\/07\/Certficate_RTT.webp\" title=\"Certficate_RTT\" alt=\"Certificate Rapid Transformational Therapist Mariam Konner\" srcset=\"https:\/\/www.keytobetterlife.com\/wp-content\/uploads\/2025\/07\/Certficate_RTT.webp 1200w, https:\/\/www.keytobetterlife.com\/wp-content\/uploads\/2025\/07\/Certficate_RTT-300x200.webp 300w, https:\/\/www.keytobetterlife.com\/wp-content\/uploads\/2025\/07\/Certficate_RTT-1024x683.webp 1024w, https:\/\/www.keytobetterlife.com\/wp-content\/uploads\/2025\/07\/Certficate_RTT-768x512.webp 768w\" sizes=\"auto, (max-width: 1200px) 100vw, 1200px\" \/>\n<\/div>\n\n\n\n<div class=\"certificate-image__wrapper\">\n<img loading=\"lazy\" decoding=\"async\" width=\"1200\" height=\"800\" class=\"certificate-image\" src=\"https:\/\/www.keytobetterlife.com\/wp-content\/uploads\/2025\/07\/Certificate_Certified_Hypnotherapist.webp\" title=\"Certificate_Certified_Hypnotherapist\" alt=\"Certificate Certified Hypnotherapist Mariam Konner\" srcset=\"https:\/\/www.keytobetterlife.com\/wp-content\/uploads\/2025\/07\/Certificate_Certified_Hypnotherapist.webp 1200w, https:\/\/www.keytobetterlife.com\/wp-content\/uploads\/2025\/07\/Certificate_Certified_Hypnotherapist-300x200.webp 300w, https:\/\/www.keytobetterlife.com\/wp-content\/uploads\/2025\/07\/Certificate_Certified_Hypnotherapist-1024x683.webp 1024w, https:\/\/www.keytobetterlife.com\/wp-content\/uploads\/2025\/07\/Certificate_Certified_Hypnotherapist-768x512.webp 768w\" sizes=\"auto, (max-width: 1200px) 100vw, 1200px\" \/>\n<\/div>\n\n\n\n<div class=\"certificate-image__wrapper\">\n<img loading=\"lazy\" decoding=\"async\" width=\"1200\" height=\"800\" class=\"certificate-image\" src=\"https:\/\/www.keytobetterlife.com\/wp-content\/uploads\/2025\/07\/Certificate_RTT_Practioner.webp\" title=\"Certificate_RTT_Practioner\" alt=\"Certificate Rapid Transformational Therapy Practioner Mariam Konner\" srcset=\"https:\/\/www.keytobetterlife.com\/wp-content\/uploads\/2025\/07\/Certificate_RTT_Practioner.webp 1200w, https:\/\/www.keytobetterlife.com\/wp-content\/uploads\/2025\/07\/Certificate_RTT_Practioner-300x200.webp 300w, https:\/\/www.keytobetterlife.com\/wp-content\/uploads\/2025\/07\/Certificate_RTT_Practioner-1024x683.webp 1024w, https:\/\/www.keytobetterlife.com\/wp-content\/uploads\/2025\/07\/Certificate_RTT_Practioner-768x512.webp 768w\" sizes=\"auto, (max-width: 1200px) 100vw, 1200px\" \/>\n<\/div>\n\n\n\n<div class=\"certificate-image__wrapper\">\n<img loading=\"lazy\" decoding=\"async\" width=\"1200\" height=\"927\" class=\"certificate-image\" src=\"https:\/\/www.keytobetterlife.com\/wp-content\/uploads\/2025\/11\/IACT-Certified-Hypnotist_pdf-Konner.webp\" title=\"IACT-Certified-Hypnotist_pdf-Konner\" alt=\"I.A.C.T Certified Hypnotherapist Mariam Konner\" srcset=\"https:\/\/www.keytobetterlife.com\/wp-content\/uploads\/2025\/11\/IACT-Certified-Hypnotist_pdf-Konner.webp 1200w, https:\/\/www.keytobetterlife.com\/wp-content\/uploads\/2025\/11\/IACT-Certified-Hypnotist_pdf-Konner-300x232.webp 300w, https:\/\/www.keytobetterlife.com\/wp-content\/uploads\/2025\/11\/IACT-Certified-Hypnotist_pdf-Konner-1024x791.webp 1024w, https:\/\/www.keytobetterlife.com\/wp-content\/uploads\/2025\/11\/IACT-Certified-Hypnotist_pdf-Konner-768x593.webp 768w\" sizes=\"auto, (max-width: 1200px) 100vw, 1200px\" \/>\n<\/div>\n\n\n\n<div class=\"certificate-image__wrapper\">\n<img loading=\"lazy\" decoding=\"async\" width=\"800\" height=\"783\" class=\"certificate-image\" src=\"https:\/\/www.keytobetterlife.com\/wp-content\/uploads\/2025\/11\/IACT_international_Association_of_Counselors_and_Therapists_Dr_Konner.webp\" title=\"IACT_international_Association_of_Counselors_and_Therapists_Dr_Konner\" alt=\"I.A.C.T International Association of Counselors and Therapists\" srcset=\"https:\/\/www.keytobetterlife.com\/wp-content\/uploads\/2025\/11\/IACT_international_Association_of_Counselors_and_Therapists_Dr_Konner.webp 800w, https:\/\/www.keytobetterlife.com\/wp-content\/uploads\/2025\/11\/IACT_international_Association_of_Counselors_and_Therapists_Dr_Konner-300x294.webp 300w, https:\/\/www.keytobetterlife.com\/wp-content\/uploads\/2025\/11\/IACT_international_Association_of_Counselors_and_Therapists_Dr_Konner-768x752.webp 768w\" sizes=\"auto, (max-width: 800px) 100vw, 800px\" \/>\n<\/div>\n\n\n\n<div class=\"certificate-image__wrapper\">\n<img loading=\"lazy\" decoding=\"async\" width=\"851\" height=\"851\" class=\"certificate-image\" src=\"https:\/\/www.keytobetterlife.com\/wp-content\/uploads\/2025\/07\/RTT_C_HYP_Logo.webp\" title=\"RTT_C_HYP_Logo\" alt=\"Logo RTT C.Hyp. Rapid Transformational Therapy, Circle\" srcset=\"https:\/\/www.keytobetterlife.com\/wp-content\/uploads\/2025\/07\/RTT_C_HYP_Logo.webp 851w, https:\/\/www.keytobetterlife.com\/wp-content\/uploads\/2025\/07\/RTT_C_HYP_Logo-300x300.webp 300w, https:\/\/www.keytobetterlife.com\/wp-content\/uploads\/2025\/07\/RTT_C_HYP_Logo-150x150.webp 150w, https:\/\/www.keytobetterlife.com\/wp-content\/uploads\/2025\/07\/RTT_C_HYP_Logo-768x768.webp 768w\" sizes=\"auto, (max-width: 851px) 100vw, 851px\" \/>\n<\/div>\n<\/div>\n<\/div>\n\n\n\n<div class=\"gbp-section gb-element-b9827a55\">\n<div class=\"gbp-section__inner gb-element-031e1c11\">\n<div class=\"gb-element-db745059\">\n<h2 class=\"gb-text gbp-section__headline\">Der Wendepunkt (30 Tage)<\/h2>\n\n\n\n<h3 class=\"gb-text\">Ein klarer Start.<\/h3>\n\n\n\n<p class=\"gb-text\">Dieses Format ist ein strukturierter Einstieg f\u00fcr ein klar umrissenes Anliegen.<\/p>\n\n\n\n<p>In dem kompakten Zeitraum von 30 Tagen erh\u00e4ltst du Raum, deine aktuelle Situation differenziert zu betrachten und wiederkehrende innere Muster bewusster einzuordnen.<\/p>\n\n\n\n<p>Ziel ist es, mehr Klarheit \u00fcber deine n\u00e4chsten Schritte zu gewinnen und neue Perspektiven im Umgang mit deinem Thema zu entwickeln \u2013 ruhig, nachvollziehbar und ohne Druck.<\/p>\n<\/div>\n<\/div>\n\n\n\n<div class=\"gbp-section__inner gb-element-d7f6b631\">\n<div class=\"gb-element-b3fd5a64\">\n<h4 class=\"gb-text\">Geeignet f\u00fcr dich, wenn &#8230;<\/h4>\n\n\n\n<ul class=\"wp-block-list\">\n<li>dich ein<strong> klar benennbares<\/strong> Thema besch\u00e4ftigt<\/li>\n\n\n\n<li>du dir eine fokussierte, strukturierte <strong>Begleitung<\/strong> w\u00fcnschst<\/li>\n\n\n\n<li>du ein s<strong>pezifisches Anliegen<\/strong> vertiefen m\u00f6chtest (z. B. Unentschlossenheit oder innere Unruhe)<\/li>\n\n\n\n<li>du meine <strong>Arbeitsweise<\/strong> in einem kompakten Rahmen kennenlernen m\u00f6chtest.<\/li>\n<\/ul>\n\n\n\n<p><em>(Erfahre mehr \u00fcber den <a href=\"https:\/\/www.keytobetterlife.com\/de\/arbeite-mit-mir\/der-rtt-prozess\/\">RTT<sup>\u00ae<\/sup>-Prozess<\/a> Schritt f\u00fcr Schritt in einem 30-Tage-Beispiel.)<\/em><\/p>\n\n\n\n<h4 class=\"gb-text\">Der Wendepunkt (30 Tage) umfasst<\/h4>\n\n\n\n<p>Der Ablauf ist klar aufgebaut und gibt dir \u00fcber vier Wochen einen verl\u00e4sslichen Rahmen:<\/p>\n\n\n\n<ul class=\"wp-block-list\">\n<li><strong>Erstes Kennenlernen<\/strong> (kostenfrei)<\/li>\n\n\n\n<li><strong>Vorbereitungsgespr\u00e4ch<\/strong><\/li>\n\n\n\n<li><strong>Eine RTT<sup>\u00ae<\/sup>-Sitzung<\/strong> (ca. 1\u20132,5 Stunden)<\/li>\n\n\n\n<li>Eine individuelle begleitende <strong>Audioaufnahme<\/strong> zur Reflexion im Alltag<\/li>\n\n\n\n<li><strong>Ein Coaching-Zyklus<\/strong> (w\u00f6chentliche Sitzungen per Video\/Telefon z. B. an den Tagen 7, 14, 21)<\/li>\n\n\n\n<li><strong>Ein Integrationsgespr\u00e4ch<\/strong> zur gemeinsamen Einordnung der bisherigen Erfahrungen<\/li>\n<\/ul>\n\n\n\n<h4 class=\"wp-block-heading\">Bereit f\u00fcr den n\u00e4chsten Schritt?<\/h4>\n\n\n\n<p>Wenn du pr\u00fcfen m\u00f6chtest, ob dieses Format f\u00fcr dich passend ist, besprechen wir das gern in einem unverbindlichen und kostenfreien Erstgespr\u00e4ch.<\/p>\n\n\n\n<div class=\"gb-element-74960149\">\n<a class=\"gb-text gbp-button--primary gb-text-347073ea\" href=\"https:\/\/www.keytobetterlife.com\/de\/arbeite-mit-mir\/kostenfreies-erstgespraech\/\">Erstgespr\u00e4ch buchen<\/a>\n<\/div>\n<\/div>\n\n\n\n<div class=\"image-border gb-element-fc8ee1aa\">\n<img loading=\"lazy\" decoding=\"async\" width=\"280\" height=\"280\" class=\"gb-media-ab11099f\" src=\"https:\/\/www.keytobetterlife.com\/wp-content\/uploads\/2025\/08\/icon_shift.svg\" title=\"icon_shift\" alt=\"Key to better Life \u2013 Icon The Shift\"\/>\n<\/div>\n<\/div>\n<\/div>\n<\/div>\n\n\n\n<p><\/p>\n","protected":false},"excerpt":{"rendered":"<p>Der Wendepunkt (30 Tage) Ein klarer Start.Wenn dich ein konkretes Thema gerade nicht losl\u00e4sst, bietet dir dieser 30-Tage-Rahmen die M\u00f6glichkeit, es in Ruhe und mit Struktur genauer anzuschauen \u2013 und erste Schritte neu auszurichten. Kostenfreies Erstgespr\u00e4ch buchen Der Wendepunkt (30 Tage) Ein klarer Start. Dieses Format ist ein strukturierter Einstieg f\u00fcr ein klar umrissenes Anliegen. &#8230; <a title=\"Der Wendepunkt (30 Tage)\" class=\"read-more\" href=\"https:\/\/www.keytobetterlife.com\/de\/arbeite-mit-mir\/der-wendepunkt-30-tage\/\" aria-label=\"Mehr Informationen \u00fcber Der Wendepunkt (30 Tage)\">Weiterlesen &#8230;<\/a><\/p>\n","protected":false},"author":1,"featured_media":0,"parent":2414,"menu_order":0,"comment_status":"closed","ping_status":"closed","template":"","meta":{"footnotes":""},"class_list":["post-2427","page","type-page","status-publish"],"yoast_head":"<!-- This site is optimized with the Yoast SEO plugin v27.4 - https:\/\/yoast.com\/product\/yoast-seo-wordpress\/ -->\n<title>30 Tage Hypnosetherapie | Der Wendepunkt<\/title>\n<meta name=\"description\" content=\"Ein 30-Tage-Format f\u00fcr ein konkretes Anliegen. Hypnosetherapie (RTT\u00ae) und Coaching in einem klaren, strukturierten Rahmen.\" \/>\n<meta name=\"robots\" content=\"index, follow, max-snippet:-1, max-image-preview:large, max-video-preview:-1\" \/>\n<link rel=\"canonical\" href=\"https:\/\/www.keytobetterlife.com\/de\/arbeite-mit-mir\/der-wendepunkt-30-tage\/\" \/>\n<meta property=\"og:locale\" content=\"de_DE\" \/>\n<meta property=\"og:type\" content=\"article\" \/>\n<meta property=\"og:title\" content=\"30 Tage Hypnosetherapie | Der Wendepunkt\" \/>\n<meta property=\"og:description\" content=\"Ein 30-Tage-Format f\u00fcr ein konkretes Anliegen. Hypnosetherapie (RTT\u00ae) und Coaching in einem klaren, strukturierten Rahmen.\" \/>\n<meta property=\"og:url\" content=\"https:\/\/www.keytobetterlife.com\/de\/arbeite-mit-mir\/der-wendepunkt-30-tage\/\" \/>\n<meta property=\"og:site_name\" content=\"Key To Better Life\" \/>\n<meta property=\"article:modified_time\" content=\"2026-02-25T18:08:34+00:00\" \/>\n<meta property=\"og:image\" content=\"https:\/\/www.keytobetterlife.com\/wp-content\/uploads\/2025\/08\/icon_shift.svg\" \/>\n<meta name=\"twitter:card\" content=\"summary_large_image\" \/>\n<meta name=\"twitter:label1\" content=\"Gesch\u00e4tzte Lesezeit\" \/>\n\t<meta name=\"twitter:data1\" content=\"3\u00a0Minuten\" \/>\n<script type=\"application\/ld+json\" class=\"yoast-schema-graph\">{\"@context\":\"https:\\\/\\\/schema.org\",\"@graph\":[{\"@type\":\"WebPage\",\"@id\":\"https:\\\/\\\/www.keytobetterlife.com\\\/de\\\/arbeite-mit-mir\\\/der-wendepunkt-30-tage\\\/\",\"url\":\"https:\\\/\\\/www.keytobetterlife.com\\\/de\\\/arbeite-mit-mir\\\/der-wendepunkt-30-tage\\\/\",\"name\":\"30 Tage Hypnosetherapie | Der Wendepunkt\",\"isPartOf\":{\"@id\":\"https:\\\/\\\/www.keytobetterlife.com\\\/de\\\/#website\"},\"primaryImageOfPage\":{\"@id\":\"https:\\\/\\\/www.keytobetterlife.com\\\/de\\\/arbeite-mit-mir\\\/der-wendepunkt-30-tage\\\/#primaryimage\"},\"image\":{\"@id\":\"https:\\\/\\\/www.keytobetterlife.com\\\/de\\\/arbeite-mit-mir\\\/der-wendepunkt-30-tage\\\/#primaryimage\"},\"thumbnailUrl\":\"https:\\\/\\\/www.keytobetterlife.com\\\/wp-content\\\/uploads\\\/2025\\\/08\\\/icon_shift.svg\",\"datePublished\":\"2025-07-08T14:13:28+00:00\",\"dateModified\":\"2026-02-25T18:08:34+00:00\",\"description\":\"Ein 30-Tage-Format f\u00fcr ein konkretes Anliegen. Hypnosetherapie (RTT\u00ae) und Coaching in einem klaren, strukturierten Rahmen.\",\"breadcrumb\":{\"@id\":\"https:\\\/\\\/www.keytobetterlife.com\\\/de\\\/arbeite-mit-mir\\\/der-wendepunkt-30-tage\\\/#breadcrumb\"},\"inLanguage\":\"de\",\"potentialAction\":[{\"@type\":\"ReadAction\",\"target\":[\"https:\\\/\\\/www.keytobetterlife.com\\\/de\\\/arbeite-mit-mir\\\/der-wendepunkt-30-tage\\\/\"]}]},{\"@type\":\"ImageObject\",\"inLanguage\":\"de\",\"@id\":\"https:\\\/\\\/www.keytobetterlife.com\\\/de\\\/arbeite-mit-mir\\\/der-wendepunkt-30-tage\\\/#primaryimage\",\"url\":\"https:\\\/\\\/www.keytobetterlife.com\\\/wp-content\\\/uploads\\\/2025\\\/08\\\/icon_shift.svg\",\"contentUrl\":\"https:\\\/\\\/www.keytobetterlife.com\\\/wp-content\\\/uploads\\\/2025\\\/08\\\/icon_shift.svg\"},{\"@type\":\"BreadcrumbList\",\"@id\":\"https:\\\/\\\/www.keytobetterlife.com\\\/de\\\/arbeite-mit-mir\\\/der-wendepunkt-30-tage\\\/#breadcrumb\",\"itemListElement\":[{\"@type\":\"ListItem\",\"position\":1,\"name\":\"Startseite\",\"item\":\"https:\\\/\\\/www.keytobetterlife.com\\\/de\\\/\"},{\"@type\":\"ListItem\",\"position\":2,\"name\":\"Arbeite mit mir\",\"item\":\"https:\\\/\\\/www.keytobetterlife.com\\\/de\\\/arbeite-mit-mir\\\/\"},{\"@type\":\"ListItem\",\"position\":3,\"name\":\"Der Wendepunkt (30 Tage)\"}]},{\"@type\":\"WebSite\",\"@id\":\"https:\\\/\\\/www.keytobetterlife.com\\\/de\\\/#website\",\"url\":\"https:\\\/\\\/www.keytobetterlife.com\\\/de\\\/\",\"name\":\"Key To Better Life\",\"description\":\"Rapid Transformation Therapy (RTT)\",\"publisher\":{\"@id\":\"https:\\\/\\\/www.keytobetterlife.com\\\/de\\\/#organization\"},\"potentialAction\":[{\"@type\":\"SearchAction\",\"target\":{\"@type\":\"EntryPoint\",\"urlTemplate\":\"https:\\\/\\\/www.keytobetterlife.com\\\/de\\\/?s={search_term_string}\"},\"query-input\":{\"@type\":\"PropertyValueSpecification\",\"valueRequired\":true,\"valueName\":\"search_term_string\"}}],\"inLanguage\":\"de\"},{\"@type\":\"Organization\",\"@id\":\"https:\\\/\\\/www.keytobetterlife.com\\\/de\\\/#organization\",\"name\":\"Key To Better Life\",\"url\":\"https:\\\/\\\/www.keytobetterlife.com\\\/de\\\/\",\"logo\":{\"@type\":\"ImageObject\",\"inLanguage\":\"de\",\"@id\":\"https:\\\/\\\/www.keytobetterlife.com\\\/de\\\/#\\\/schema\\\/logo\\\/image\\\/\",\"url\":\"https:\\\/\\\/www.keytobetterlife.com\\\/wp-content\\\/uploads\\\/2025\\\/07\\\/KTBL_Logo_final.svg\",\"contentUrl\":\"https:\\\/\\\/www.keytobetterlife.com\\\/wp-content\\\/uploads\\\/2025\\\/07\\\/KTBL_Logo_final.svg\",\"width\":300,\"height\":85,\"caption\":\"Key To Better Life\"},\"image\":{\"@id\":\"https:\\\/\\\/www.keytobetterlife.com\\\/de\\\/#\\\/schema\\\/logo\\\/image\\\/\"}}]}<\/script>\n<!-- \/ Yoast SEO plugin. -->","yoast_head_json":{"title":"30 Tage Hypnosetherapie | Der Wendepunkt","description":"Ein 30-Tage-Format f\u00fcr ein konkretes Anliegen. Hypnosetherapie (RTT\u00ae) und Coaching in einem klaren, strukturierten Rahmen.","robots":{"index":"index","follow":"follow","max-snippet":"max-snippet:-1","max-image-preview":"max-image-preview:large","max-video-preview":"max-video-preview:-1"},"canonical":"https:\/\/www.keytobetterlife.com\/de\/arbeite-mit-mir\/der-wendepunkt-30-tage\/","og_locale":"de_DE","og_type":"article","og_title":"30 Tage Hypnosetherapie | Der Wendepunkt","og_description":"Ein 30-Tage-Format f\u00fcr ein konkretes Anliegen. Hypnosetherapie (RTT\u00ae) und Coaching in einem klaren, strukturierten Rahmen.","og_url":"https:\/\/www.keytobetterlife.com\/de\/arbeite-mit-mir\/der-wendepunkt-30-tage\/","og_site_name":"Key To Better Life","article_modified_time":"2026-02-25T18:08:34+00:00","og_image":[{"url":"https:\/\/www.keytobetterlife.com\/wp-content\/uploads\/2025\/08\/icon_shift.svg","type":"","width":"","height":""}],"twitter_card":"summary_large_image","twitter_misc":{"Gesch\u00e4tzte Lesezeit":"3\u00a0Minuten"},"schema":{"@context":"https:\/\/schema.org","@graph":[{"@type":"WebPage","@id":"https:\/\/www.keytobetterlife.com\/de\/arbeite-mit-mir\/der-wendepunkt-30-tage\/","url":"https:\/\/www.keytobetterlife.com\/de\/arbeite-mit-mir\/der-wendepunkt-30-tage\/","name":"30 Tage Hypnosetherapie | Der Wendepunkt","isPartOf":{"@id":"https:\/\/www.keytobetterlife.com\/de\/#website"},"primaryImageOfPage":{"@id":"https:\/\/www.keytobetterlife.com\/de\/arbeite-mit-mir\/der-wendepunkt-30-tage\/#primaryimage"},"image":{"@id":"https:\/\/www.keytobetterlife.com\/de\/arbeite-mit-mir\/der-wendepunkt-30-tage\/#primaryimage"},"thumbnailUrl":"https:\/\/www.keytobetterlife.com\/wp-content\/uploads\/2025\/08\/icon_shift.svg","datePublished":"2025-07-08T14:13:28+00:00","dateModified":"2026-02-25T18:08:34+00:00","description":"Ein 30-Tage-Format f\u00fcr ein konkretes Anliegen. Hypnosetherapie (RTT\u00ae) und Coaching in einem klaren, strukturierten Rahmen.","breadcrumb":{"@id":"https:\/\/www.keytobetterlife.com\/de\/arbeite-mit-mir\/der-wendepunkt-30-tage\/#breadcrumb"},"inLanguage":"de","potentialAction":[{"@type":"ReadAction","target":["https:\/\/www.keytobetterlife.com\/de\/arbeite-mit-mir\/der-wendepunkt-30-tage\/"]}]},{"@type":"ImageObject","inLanguage":"de","@id":"https:\/\/www.keytobetterlife.com\/de\/arbeite-mit-mir\/der-wendepunkt-30-tage\/#primaryimage","url":"https:\/\/www.keytobetterlife.com\/wp-content\/uploads\/2025\/08\/icon_shift.svg","contentUrl":"https:\/\/www.keytobetterlife.com\/wp-content\/uploads\/2025\/08\/icon_shift.svg"},{"@type":"BreadcrumbList","@id":"https:\/\/www.keytobetterlife.com\/de\/arbeite-mit-mir\/der-wendepunkt-30-tage\/#breadcrumb","itemListElement":[{"@type":"ListItem","position":1,"name":"Startseite","item":"https:\/\/www.keytobetterlife.com\/de\/"},{"@type":"ListItem","position":2,"name":"Arbeite mit mir","item":"https:\/\/www.keytobetterlife.com\/de\/arbeite-mit-mir\/"},{"@type":"ListItem","position":3,"name":"Der Wendepunkt (30 Tage)"}]},{"@type":"WebSite","@id":"https:\/\/www.keytobetterlife.com\/de\/#website","url":"https:\/\/www.keytobetterlife.com\/de\/","name":"Key To Better Life","description":"Rapid Transformation Therapy (RTT)","publisher":{"@id":"https:\/\/www.keytobetterlife.com\/de\/#organization"},"potentialAction":[{"@type":"SearchAction","target":{"@type":"EntryPoint","urlTemplate":"https:\/\/www.keytobetterlife.com\/de\/?s={search_term_string}"},"query-input":{"@type":"PropertyValueSpecification","valueRequired":true,"valueName":"search_term_string"}}],"inLanguage":"de"},{"@type":"Organization","@id":"https:\/\/www.keytobetterlife.com\/de\/#organization","name":"Key To Better Life","url":"https:\/\/www.keytobetterlife.com\/de\/","logo":{"@type":"ImageObject","inLanguage":"de","@id":"https:\/\/www.keytobetterlife.com\/de\/#\/schema\/logo\/image\/","url":"https:\/\/www.keytobetterlife.com\/wp-content\/uploads\/2025\/07\/KTBL_Logo_final.svg","contentUrl":"https:\/\/www.keytobetterlife.com\/wp-content\/uploads\/2025\/07\/KTBL_Logo_final.svg","width":300,"height":85,"caption":"Key To Better Life"},"image":{"@id":"https:\/\/www.keytobetterlife.com\/de\/#\/schema\/logo\/image\/"}}]}},"_links":{"self":[{"href":"https:\/\/www.keytobetterlife.com\/de\/wp-json\/wp\/v2\/pages\/2427","targetHints":{"allow":["GET"]}}],"collection":[{"href":"https:\/\/www.keytobetterlife.com\/de\/wp-json\/wp\/v2\/pages"}],"about":[{"href":"https:\/\/www.keytobetterlife.com\/de\/wp-json\/wp\/v2\/types\/page"}],"author":[{"embeddable":true,"href":"https:\/\/www.keytobetterlife.com\/de\/wp-json\/wp\/v2\/users\/1"}],"replies":[{"embeddable":true,"href":"https:\/\/www.keytobetterlife.com\/de\/wp-json\/wp\/v2\/comments?post=2427"}],"version-history":[{"count":29,"href":"https:\/\/www.keytobetterlife.com\/de\/wp-json\/wp\/v2\/pages\/2427\/revisions"}],"predecessor-version":[{"id":3813,"href":"https:\/\/www.keytobetterlife.com\/de\/wp-json\/wp\/v2\/pages\/2427\/revisions\/3813"}],"up":[{"embeddable":true,"href":"https:\/\/www.keytobetterlife.com\/de\/wp-json\/wp\/v2\/pages\/2414"}],"wp:attachment":[{"href":"https:\/\/www.keytobetterlife.com\/de\/wp-json\/wp\/v2\/media?parent=2427"}],"curies":[{"name":"wp","href":"https:\/\/api.w.org\/{rel}","templated":true}]}}