{"id":2429,"date":"2025-07-29T10:50:04","date_gmt":"2025-07-29T08:50:04","guid":{"rendered":"https:\/\/www.keytobetterlife.com\/?page_id=2429"},"modified":"2026-04-15T20:10:16","modified_gmt":"2026-04-15T18:10:16","slug":"was-macht-rtt-anders","status":"publish","type":"page","link":"https:\/\/www.keytobetterlife.com\/de\/arbeite-mit-mir\/was-macht-rtt-anders\/","title":{"rendered":"Was macht RTT\u00ae anders"},"content":{"rendered":"\n<section class=\"gbp-section gb-element-3bd36708\">\n<div class=\"gb-element-0caf4fc7\">\n<div class=\"gb-element-73cc3c99\">\n<h1 class=\"gb-text gbp-section__headline gb-text-67c2ff52\">Was RTT\u00ae anders macht<\/h1>\n\n\n\n<div class=\"gb-text gbp-section__text gb-text-53165ceb\">RTT<sup>\u00ae<\/sup> verbindet strukturierte Hypnosearbeit mit reflektierendem Gespr\u00e4ch \u2013 mit dem Ziel, innere Muster bewusster wahrzunehmen und neue Perspektiven zu entwickeln.<\/div>\n\n\n\n<div class=\"gb-element-ce7bc2f7\">\n<a class=\"gb-text gbp-button--primary gb-text-dcd2a5a1\" href=\"https:\/\/www.keytobetterlife.com\/de\/arbeite-mit-mir\/kostenfreies-erstgespraech\/\">Kostenfreies Erstgespr\u00e4ch buchen<\/a>\n<\/div>\n<\/div>\n<\/div>\n\n\n\n<div class=\"hero-image-fit gb-element-a23bc017\"><\/div>\n<\/section>\n\n\n\n<section class=\"gbp-section gb-element-efd3ffc1\">\n<span class=\"gb-shape gb-shape-d6340fab gb-shape--divider\"><svg xmlns=\"http:\/\/www.w3.org\/2000\/svg\" viewBox=\"0 0 1200 194.3\" preserveAspectRatio=\"none\"><path d=\"M1200 133.3l-50 8.9c-50 8.6-150 26.9-250 31.1-100 4.2-200-4.2-300-26.7S400 89.2 300 62.2C200 35.8 100 17.5 50 8.9L0 0v194.3h1200v-61z\"><\/path><\/svg><\/span>\n\n\n\n<div class=\"gb-element-96c3182a\">\n<div class=\"gb-element-9a892545\">\n<div class=\"certificate-image__wrapper\">\n<img loading=\"lazy\" decoding=\"async\" width=\"851\" height=\"851\" class=\"certificate-image\" src=\"https:\/\/www.keytobetterlife.com\/wp-content\/uploads\/2025\/07\/RTT_Therapist_Roundel_Logo.webp\" title=\"RTT_Therapist_Roundel_Logo\" alt=\"Logo RTT Therapist Roundel\" srcset=\"https:\/\/www.keytobetterlife.com\/wp-content\/uploads\/2025\/07\/RTT_Therapist_Roundel_Logo.webp 851w, https:\/\/www.keytobetterlife.com\/wp-content\/uploads\/2025\/07\/RTT_Therapist_Roundel_Logo-300x300.webp 300w, https:\/\/www.keytobetterlife.com\/wp-content\/uploads\/2025\/07\/RTT_Therapist_Roundel_Logo-150x150.webp 150w, https:\/\/www.keytobetterlife.com\/wp-content\/uploads\/2025\/07\/RTT_Therapist_Roundel_Logo-768x768.webp 768w\" sizes=\"auto, (max-width: 851px) 100vw, 851px\" \/>\n<\/div>\n\n\n\n<div class=\"certificate-image__wrapper\">\n<img loading=\"lazy\" decoding=\"async\" width=\"1200\" height=\"800\" class=\"certificate-image\" src=\"https:\/\/www.keytobetterlife.com\/wp-content\/uploads\/2025\/07\/Certficate_RTT.webp\" title=\"Certficate_RTT\" alt=\"Certificate Rapid Transformational Therapist Mariam Konner\" srcset=\"https:\/\/www.keytobetterlife.com\/wp-content\/uploads\/2025\/07\/Certficate_RTT.webp 1200w, https:\/\/www.keytobetterlife.com\/wp-content\/uploads\/2025\/07\/Certficate_RTT-300x200.webp 300w, https:\/\/www.keytobetterlife.com\/wp-content\/uploads\/2025\/07\/Certficate_RTT-1024x683.webp 1024w, https:\/\/www.keytobetterlife.com\/wp-content\/uploads\/2025\/07\/Certficate_RTT-768x512.webp 768w\" sizes=\"auto, (max-width: 1200px) 100vw, 1200px\" \/>\n<\/div>\n\n\n\n<div class=\"certificate-image__wrapper\">\n<img loading=\"lazy\" decoding=\"async\" width=\"1200\" height=\"800\" class=\"certificate-image\" src=\"https:\/\/www.keytobetterlife.com\/wp-content\/uploads\/2025\/07\/Certificate_Certified_Hypnotherapist.webp\" title=\"Certificate_Certified_Hypnotherapist\" alt=\"Certificate Certified Hypnotherapist Mariam Konner\" srcset=\"https:\/\/www.keytobetterlife.com\/wp-content\/uploads\/2025\/07\/Certificate_Certified_Hypnotherapist.webp 1200w, https:\/\/www.keytobetterlife.com\/wp-content\/uploads\/2025\/07\/Certificate_Certified_Hypnotherapist-300x200.webp 300w, https:\/\/www.keytobetterlife.com\/wp-content\/uploads\/2025\/07\/Certificate_Certified_Hypnotherapist-1024x683.webp 1024w, https:\/\/www.keytobetterlife.com\/wp-content\/uploads\/2025\/07\/Certificate_Certified_Hypnotherapist-768x512.webp 768w\" sizes=\"auto, (max-width: 1200px) 100vw, 1200px\" \/>\n<\/div>\n\n\n\n<div class=\"certificate-image__wrapper\">\n<img loading=\"lazy\" decoding=\"async\" width=\"1200\" height=\"800\" class=\"certificate-image\" src=\"https:\/\/www.keytobetterlife.com\/wp-content\/uploads\/2025\/07\/Certificate_RTT_Practioner.webp\" title=\"Certificate_RTT_Practioner\" alt=\"Certificate Rapid Transformational Therapy Practioner Mariam Konner\" srcset=\"https:\/\/www.keytobetterlife.com\/wp-content\/uploads\/2025\/07\/Certificate_RTT_Practioner.webp 1200w, https:\/\/www.keytobetterlife.com\/wp-content\/uploads\/2025\/07\/Certificate_RTT_Practioner-300x200.webp 300w, https:\/\/www.keytobetterlife.com\/wp-content\/uploads\/2025\/07\/Certificate_RTT_Practioner-1024x683.webp 1024w, https:\/\/www.keytobetterlife.com\/wp-content\/uploads\/2025\/07\/Certificate_RTT_Practioner-768x512.webp 768w\" sizes=\"auto, (max-width: 1200px) 100vw, 1200px\" \/>\n<\/div>\n\n\n\n<div class=\"certificate-image__wrapper\">\n<img loading=\"lazy\" decoding=\"async\" width=\"1200\" height=\"927\" class=\"certificate-image\" src=\"https:\/\/www.keytobetterlife.com\/wp-content\/uploads\/2025\/11\/IACT-Certified-Hypnotist_pdf-Konner.webp\" title=\"IACT-Certified-Hypnotist_pdf-Konner\" alt=\"I.A.C.T Certified Hypnotherapist Mariam Konner\" srcset=\"https:\/\/www.keytobetterlife.com\/wp-content\/uploads\/2025\/11\/IACT-Certified-Hypnotist_pdf-Konner.webp 1200w, https:\/\/www.keytobetterlife.com\/wp-content\/uploads\/2025\/11\/IACT-Certified-Hypnotist_pdf-Konner-300x232.webp 300w, https:\/\/www.keytobetterlife.com\/wp-content\/uploads\/2025\/11\/IACT-Certified-Hypnotist_pdf-Konner-1024x791.webp 1024w, https:\/\/www.keytobetterlife.com\/wp-content\/uploads\/2025\/11\/IACT-Certified-Hypnotist_pdf-Konner-768x593.webp 768w\" sizes=\"auto, (max-width: 1200px) 100vw, 1200px\" \/>\n<\/div>\n\n\n\n<div class=\"certificate-image__wrapper\">\n<img loading=\"lazy\" decoding=\"async\" width=\"800\" height=\"783\" class=\"certificate-image\" src=\"https:\/\/www.keytobetterlife.com\/wp-content\/uploads\/2025\/11\/IACT_international_Association_of_Counselors_and_Therapists_Dr_Konner.webp\" title=\"IACT_international_Association_of_Counselors_and_Therapists_Dr_Konner\" alt=\"I.A.C.T International Association of Counselors and Therapists\" srcset=\"https:\/\/www.keytobetterlife.com\/wp-content\/uploads\/2025\/11\/IACT_international_Association_of_Counselors_and_Therapists_Dr_Konner.webp 800w, https:\/\/www.keytobetterlife.com\/wp-content\/uploads\/2025\/11\/IACT_international_Association_of_Counselors_and_Therapists_Dr_Konner-300x294.webp 300w, https:\/\/www.keytobetterlife.com\/wp-content\/uploads\/2025\/11\/IACT_international_Association_of_Counselors_and_Therapists_Dr_Konner-768x752.webp 768w\" sizes=\"auto, (max-width: 800px) 100vw, 800px\" \/>\n<\/div>\n\n\n\n<div class=\"certificate-image__wrapper\">\n<img loading=\"lazy\" decoding=\"async\" width=\"851\" height=\"851\" class=\"certificate-image\" src=\"https:\/\/www.keytobetterlife.com\/wp-content\/uploads\/2025\/07\/RTT_C_HYP_Logo.webp\" title=\"RTT_C_HYP_Logo\" alt=\"Logo RTT C.Hyp. Rapid Transformational Therapy, Circle\" srcset=\"https:\/\/www.keytobetterlife.com\/wp-content\/uploads\/2025\/07\/RTT_C_HYP_Logo.webp 851w, https:\/\/www.keytobetterlife.com\/wp-content\/uploads\/2025\/07\/RTT_C_HYP_Logo-300x300.webp 300w, https:\/\/www.keytobetterlife.com\/wp-content\/uploads\/2025\/07\/RTT_C_HYP_Logo-150x150.webp 150w, https:\/\/www.keytobetterlife.com\/wp-content\/uploads\/2025\/07\/RTT_C_HYP_Logo-768x768.webp 768w\" sizes=\"auto, (max-width: 851px) 100vw, 851px\" \/>\n<\/div>\n<\/div>\n<\/div>\n\n\n\n<div class=\"gbp-section gb-element-e3c270c8\">\n<div class=\"gbp-section__inner gb-element-9af982c2\">\n<div class=\"gb-element-4fe1488f\">\n<h2 class=\"gb-text gbp-section__headline gb-text-9da2d3f7\">Was RTT\u00ae anders macht<\/h2>\n\n\n\n<div class=\"gb-text gbp-section__text\">RTT<sup>\u00ae<\/sup> (Rapid Transformational Therapy) richtet den Blick nicht nur auf das aktuelle Erleben, sondern auch auf innere Muster und Pr\u00e4gungen, die unser Denken und F\u00fchlen beeinflussen k\u00f6nnen. Ziel ist es, Zusammenh\u00e4nge bewusster wahrzunehmen und neue Perspektiven im Umgang mit wiederkehrenden Themen zu entwickeln<\/div>\n<\/div>\n<\/div>\n\n\n\n<div class=\"gbp-section__inner gb-element-c62ff697\">\n<figure class=\"gb-element-d4969842\">\n<img loading=\"lazy\" decoding=\"async\" width=\"1800\" height=\"1305\" class=\"image-border gb-media-be41fe22\" alt=\"Key to betterlife 5% Conscious Mind, 95% Unconscious Mind\" src=\"https:\/\/www.keytobetterlife.com\/wp-content\/uploads\/2025\/11\/KTBL_Graphic_Subconscious_2.webp\" title=\"KTBL_Graphic_Subconscious_2\" srcset=\"https:\/\/www.keytobetterlife.com\/wp-content\/uploads\/2025\/11\/KTBL_Graphic_Subconscious_2.webp 1800w, https:\/\/www.keytobetterlife.com\/wp-content\/uploads\/2025\/11\/KTBL_Graphic_Subconscious_2-300x218.webp 300w, https:\/\/www.keytobetterlife.com\/wp-content\/uploads\/2025\/11\/KTBL_Graphic_Subconscious_2-1024x742.webp 1024w, https:\/\/www.keytobetterlife.com\/wp-content\/uploads\/2025\/11\/KTBL_Graphic_Subconscious_2-768x557.webp 768w, https:\/\/www.keytobetterlife.com\/wp-content\/uploads\/2025\/11\/KTBL_Graphic_Subconscious_2-1536x1114.webp 1536w\" sizes=\"auto, (max-width: 1800px) 100vw, 1800px\" \/>\n<\/figure>\n\n\n\n<div class=\"gb-element-e8c1d826\">\n<h3 class=\"gb-text gbp-section__headline\">Wissenschaftlicher Hintergrund der Hypnose<\/h3>\n\n\n\n<ul class=\"wp-block-list\">\n<li>Hypnose ist ein <strong>seit vielen Jahrzehnten<\/strong> erforschtes Verfahren, das in unterschiedlichen psychologischen und medizinischen Kontexten eingesetzt wird.<\/li>\n\n\n\n<li><strong>Zahlreiche Studien<\/strong> und \u00dcbersichtsarbeiten befassen sich mit ihrer Anwendung bei stressbezogenen und psychosomatischen Themen.<\/li>\n\n\n\n<li><strong>Wichtig ist: Hypnose bedeutet keinen Kontrollverlust<\/strong>.<br>Du bleibst w\u00e4hrend der gesamten Sitzung bewusst und jederzeit handlungsf\u00e4hig.<\/li>\n<\/ul>\n\n\n\n<h3 class=\"gb-text gbp-section__headline\">Was RTT\u00ae von anderen Ans\u00e4tzen unterscheidet<\/h3>\n\n\n\n<p>RTT<sup>\u00ae<\/sup> verbindet hypnotische Arbeit mit einer klar strukturierten Gespr\u00e4chsf\u00fchrung.<\/p>\n\n\n\n<ul class=\"wp-block-list\">\n<li><strong>Strukturierter Ablauf:<\/strong> Jede Sitzung folgt einem nachvollziehbaren Prozess.<\/li>\n\n\n\n<li><strong>Individuelle Ausrichtung:<\/strong> Deine pers\u00f6nliche Situation steht im Mittelpunkt.<\/li>\n\n\n\n<li><strong>Integration im Alltag:<\/strong> Erg\u00e4nzende Impulse unterst\u00fctzen dich dabei, neue Einsichten zu vertiefen.<\/li>\n<\/ul>\n<\/div>\n<\/div>\n\n\n\n<div>\n<h3 class=\"gb-text gbp-section__headline gb-text-56ede7d0\">Das Modell hinter RTT\u00ae<\/h3>\n\n\n\n<div class=\"gbp-section__inner gb-element-c8ef2bf3\">\n<div class=\"gb-element-9e109eab\">\n<p>RTT<sup>\u00ae<\/sup> geht davon aus, dass viele unserer Reaktionen auf <strong>fr\u00fchen Erfahrungen<\/strong> und <strong>unbewussten \u00dcberzeugungen<\/strong> beruhen.<\/p>\n\n\n\n<p>Im entspannten Zustand der Hypnose kann es <strong>leichter fallen, <\/strong>auf innere Bilder, Erinnerungen und Zusammenh\u00e4nge zuzugreifen. Diese bewusst zu reflektieren, <strong>er\u00f6ffnet oft neue Sichtweisen<\/strong>.<\/p>\n<\/div>\n\n\n\n<div class=\"gb-element-8f846679\">\n<figure>\n<img loading=\"lazy\" decoding=\"async\" width=\"754\" height=\"405\" class=\"gb-media-95ed8567\" src=\"https:\/\/www.keytobetterlife.com\/wp-content\/uploads\/2025\/11\/KTBL_Key_to_Solution.svg\" title=\"KTBL_Key_to_Solution\" alt=\"Key to better Life - Key to the Solution\"\/>\n<\/figure>\n<\/div>\n<\/div>\n<\/div>\n\n\n\n<div class=\"gbp-section__inner gb-element-52d6b15a\">\n<div class=\"gb-element-5a8ce6ef\">\n<h3 class=\"gb-text gbp-section__headline\">Sicherheit und Qualit\u00e4t<\/h3>\n\n\n\n<p>RTT<sup>\u00ae<\/sup> wird international gelehrt und von verschiedenen Fachverb\u00e4nden vertreten.<\/p>\n\n\n\n<p>Besonders als \u00c4rztin achte ich auf einen professionellen, verantwortungsvollen und gesch\u00fctzten Rahmen. Deine Selbstbestimmung und Sicherheit stehen jederzeit im Vordergrund.<\/p>\n\n\n\n<h3 class=\"gb-text gbp-section__headline\">Was Klienten h\u00e4ufig berichten<\/h3>\n\n\n\n<p>Menschen beschreiben die Arbeit mit RTT<sup>\u00ae<\/sup> oft als:<\/p>\n\n\n\n<ul class=\"wp-block-list\">\n<li>kl\u00e4rend<\/li>\n\n\n\n<li>bewegend<\/li>\n\n\n\n<li>\u00fcberraschend zug\u00e4nglich<\/li>\n\n\n\n<li>strukturiert und nachvollziehbar<\/li>\n<\/ul>\n\n\n\n<p>Jede Erfahrung ist individuell.<\/p>\n<\/div>\n<\/div>\n<\/div>\n<\/section>\n\n\n\n<section class=\"gbp-section gb-element-80958033\">\n<div class=\"gbp-section__inner gb-element-eddf1247\">\n<div class=\"gb-element-df950905\">\n<h2 class=\"gb-text gbp-section__headline\">Ver\u00e4nderung beginnt oft mit einem ehrlichen Blick<\/h2>\n<\/div>\n<\/div>\n\n\n\n<div class=\"gbp-section__inner gb-element-42347e0b\">\n<div class=\"gb-element-9cd1a1ef\">\n<p>RTT<sup>\u00ae<\/sup> bietet einen strukturierten Zugang zu inneren Zusammenh\u00e4ngen.<\/p>\n\n\n\n<p>Ob dieser Weg f\u00fcr dich passt, besprechen wir in Ruhe \u2013 transparent und ohne Druck.<\/p>\n<\/div>\n\n\n\n<div class=\"gb-element-1b4f430a\">\n<img loading=\"lazy\" decoding=\"async\" width=\"1340\" height=\"1800\" class=\"gb-media-f0e35776\" src=\"https:\/\/www.keytobetterlife.com\/wp-content\/uploads\/2025\/10\/Keytobetterlife_ReadyForChange_4.webp\" title=\"Keytobetterlife_ReadyForChange_4\" alt=\"\" srcset=\"https:\/\/www.keytobetterlife.com\/wp-content\/uploads\/2025\/10\/Keytobetterlife_ReadyForChange_4.webp 1340w, https:\/\/www.keytobetterlife.com\/wp-content\/uploads\/2025\/10\/Keytobetterlife_ReadyForChange_4-223x300.webp 223w, https:\/\/www.keytobetterlife.com\/wp-content\/uploads\/2025\/10\/Keytobetterlife_ReadyForChange_4-762x1024.webp 762w, https:\/\/www.keytobetterlife.com\/wp-content\/uploads\/2025\/10\/Keytobetterlife_ReadyForChange_4-768x1032.webp 768w, https:\/\/www.keytobetterlife.com\/wp-content\/uploads\/2025\/10\/Keytobetterlife_ReadyForChange_4-1143x1536.webp 1143w\" sizes=\"auto, (max-width: 1340px) 100vw, 1340px\" \/>\n<\/div>\n<\/div>\n<\/section>\n\n\n\n<section class=\"gbp-section gb-element-514a1cda\">\n<div class=\"gbp-section__inner gb-element-b5bdf1d5\">\n<div class=\"gb-element-0945183b\">\n<h3 class=\"gb-text gbp-section__headline gb-text-adf37438\">Bist du bereit f\u00fcr ein Gespr\u00e4ch?<\/h3>\n\n\n\n<div class=\"gb-text gbp-section__text cta-text-padding gb-text-e6e71923\">In einem kostenfreien Erstgespr\u00e4ch besprechen wir was dich bewegt und schauen, ob und wie ich dich begleiten kann.<\/div>\n\n\n\n<div class=\"gb-element-23b62551\">\n<div class=\"gb-element-ce7bc2f7\">\n<a class=\"gb-text gbp-button--primary gb-text-dcd2a5a1\" href=\"https:\/\/www.keytobetterlife.com\/de\/arbeite-mit-mir\/kostenfreies-erstgespraech\/\">Buche dein Erstgespr\u00e4ch<\/a>\n<\/div>\n<\/div>\n<\/div>\n<\/div>\n<\/section>\n","protected":false},"excerpt":{"rendered":"<p>Was RTT\u00ae anders macht RTT\u00ae verbindet strukturierte Hypnosearbeit mit reflektierendem Gespr\u00e4ch \u2013 mit dem Ziel, innere Muster bewusster wahrzunehmen und neue Perspektiven zu entwickeln. Kostenfreies Erstgespr\u00e4ch buchen Was RTT\u00ae anders macht RTT\u00ae (Rapid Transformational Therapy) richtet den Blick nicht nur auf das aktuelle Erleben, sondern auch auf innere Muster und Pr\u00e4gungen, die unser Denken und &#8230; <a title=\"Was macht RTT\u00ae anders\" class=\"read-more\" href=\"https:\/\/www.keytobetterlife.com\/de\/arbeite-mit-mir\/was-macht-rtt-anders\/\" aria-label=\"Mehr Informationen \u00fcber Was macht RTT\u00ae anders\">Weiterlesen &#8230;<\/a><\/p>\n","protected":false},"author":1,"featured_media":0,"parent":2414,"menu_order":0,"comment_status":"closed","ping_status":"closed","template":"","meta":{"footnotes":""},"class_list":["post-2429","page","type-page","status-publish"],"yoast_head":"<!-- This site is optimized with the Yoast SEO plugin v27.4 - https:\/\/yoast.com\/product\/yoast-seo-wordpress\/ -->\n<title>RTT\u00ae Hypnose \u2013 Methode, Ablauf &amp; Besonderheiten erkl\u00e4r<\/title>\n<meta name=\"description\" content=\"RTT\u00ae Hypnose im \u00dcberblick: Erfahre, wie die Methode aufgebaut ist, welche Rolle Hypnose spielt und f\u00fcr wen dieser Ansatz geeignet sein kann.\" \/>\n<meta name=\"robots\" content=\"index, follow, max-snippet:-1, max-image-preview:large, max-video-preview:-1\" \/>\n<link rel=\"canonical\" href=\"https:\/\/www.keytobetterlife.com\/de\/arbeite-mit-mir\/was-macht-rtt-anders\/\" \/>\n<meta property=\"og:locale\" content=\"de_DE\" \/>\n<meta property=\"og:type\" content=\"article\" \/>\n<meta property=\"og:title\" content=\"RTT\u00ae Hypnose \u2013 Methode, Ablauf &amp; Besonderheiten erkl\u00e4r\" \/>\n<meta property=\"og:description\" content=\"RTT\u00ae Hypnose im \u00dcberblick: Erfahre, wie die Methode aufgebaut ist, welche Rolle Hypnose spielt und f\u00fcr wen dieser Ansatz geeignet sein kann.\" \/>\n<meta property=\"og:url\" content=\"https:\/\/www.keytobetterlife.com\/de\/arbeite-mit-mir\/was-macht-rtt-anders\/\" \/>\n<meta property=\"og:site_name\" content=\"Key To Better Life\" \/>\n<meta property=\"article:modified_time\" content=\"2026-04-15T18:10:16+00:00\" \/>\n<meta property=\"og:image\" content=\"https:\/\/www.keytobetterlife.com\/wp-content\/uploads\/2025\/11\/KTBL_Graphic_Subconscious_2.webp\" \/>\n<meta name=\"twitter:card\" content=\"summary_large_image\" \/>\n<meta name=\"twitter:label1\" content=\"Gesch\u00e4tzte Lesezeit\" \/>\n\t<meta name=\"twitter:data1\" content=\"7\u00a0Minuten\" \/>\n<script type=\"application\/ld+json\" class=\"yoast-schema-graph\">{\"@context\":\"https:\\\/\\\/schema.org\",\"@graph\":[{\"@type\":\"WebPage\",\"@id\":\"https:\\\/\\\/www.keytobetterlife.com\\\/de\\\/arbeite-mit-mir\\\/was-macht-rtt-anders\\\/\",\"url\":\"https:\\\/\\\/www.keytobetterlife.com\\\/de\\\/arbeite-mit-mir\\\/was-macht-rtt-anders\\\/\",\"name\":\"RTT\u00ae Hypnose \u2013 Methode, Ablauf & Besonderheiten erkl\u00e4r\",\"isPartOf\":{\"@id\":\"https:\\\/\\\/www.keytobetterlife.com\\\/de\\\/#website\"},\"primaryImageOfPage\":{\"@id\":\"https:\\\/\\\/www.keytobetterlife.com\\\/de\\\/arbeite-mit-mir\\\/was-macht-rtt-anders\\\/#primaryimage\"},\"image\":{\"@id\":\"https:\\\/\\\/www.keytobetterlife.com\\\/de\\\/arbeite-mit-mir\\\/was-macht-rtt-anders\\\/#primaryimage\"},\"thumbnailUrl\":\"https:\\\/\\\/www.keytobetterlife.com\\\/wp-content\\\/uploads\\\/2025\\\/11\\\/KTBL_Graphic_Subconscious_2.webp\",\"datePublished\":\"2025-07-29T08:50:04+00:00\",\"dateModified\":\"2026-04-15T18:10:16+00:00\",\"description\":\"RTT\u00ae Hypnose im \u00dcberblick: Erfahre, wie die Methode aufgebaut ist, welche Rolle Hypnose spielt und f\u00fcr wen dieser Ansatz geeignet sein kann.\",\"breadcrumb\":{\"@id\":\"https:\\\/\\\/www.keytobetterlife.com\\\/de\\\/arbeite-mit-mir\\\/was-macht-rtt-anders\\\/#breadcrumb\"},\"inLanguage\":\"de\",\"potentialAction\":[{\"@type\":\"ReadAction\",\"target\":[\"https:\\\/\\\/www.keytobetterlife.com\\\/de\\\/arbeite-mit-mir\\\/was-macht-rtt-anders\\\/\"]}]},{\"@type\":\"ImageObject\",\"inLanguage\":\"de\",\"@id\":\"https:\\\/\\\/www.keytobetterlife.com\\\/de\\\/arbeite-mit-mir\\\/was-macht-rtt-anders\\\/#primaryimage\",\"url\":\"https:\\\/\\\/www.keytobetterlife.com\\\/wp-content\\\/uploads\\\/2025\\\/11\\\/KTBL_Graphic_Subconscious_2.webp\",\"contentUrl\":\"https:\\\/\\\/www.keytobetterlife.com\\\/wp-content\\\/uploads\\\/2025\\\/11\\\/KTBL_Graphic_Subconscious_2.webp\"},{\"@type\":\"BreadcrumbList\",\"@id\":\"https:\\\/\\\/www.keytobetterlife.com\\\/de\\\/arbeite-mit-mir\\\/was-macht-rtt-anders\\\/#breadcrumb\",\"itemListElement\":[{\"@type\":\"ListItem\",\"position\":1,\"name\":\"Startseite\",\"item\":\"https:\\\/\\\/www.keytobetterlife.com\\\/de\\\/\"},{\"@type\":\"ListItem\",\"position\":2,\"name\":\"Arbeite mit mir\",\"item\":\"https:\\\/\\\/www.keytobetterlife.com\\\/de\\\/arbeite-mit-mir\\\/\"},{\"@type\":\"ListItem\",\"position\":3,\"name\":\"Was macht RTT\u00ae anders\"}]},{\"@type\":\"WebSite\",\"@id\":\"https:\\\/\\\/www.keytobetterlife.com\\\/de\\\/#website\",\"url\":\"https:\\\/\\\/www.keytobetterlife.com\\\/de\\\/\",\"name\":\"Key To Better Life\",\"description\":\"Rapid Transformation Therapy (RTT)\",\"publisher\":{\"@id\":\"https:\\\/\\\/www.keytobetterlife.com\\\/de\\\/#organization\"},\"potentialAction\":[{\"@type\":\"SearchAction\",\"target\":{\"@type\":\"EntryPoint\",\"urlTemplate\":\"https:\\\/\\\/www.keytobetterlife.com\\\/de\\\/?s={search_term_string}\"},\"query-input\":{\"@type\":\"PropertyValueSpecification\",\"valueRequired\":true,\"valueName\":\"search_term_string\"}}],\"inLanguage\":\"de\"},{\"@type\":\"Organization\",\"@id\":\"https:\\\/\\\/www.keytobetterlife.com\\\/de\\\/#organization\",\"name\":\"Key To Better Life\",\"url\":\"https:\\\/\\\/www.keytobetterlife.com\\\/de\\\/\",\"logo\":{\"@type\":\"ImageObject\",\"inLanguage\":\"de\",\"@id\":\"https:\\\/\\\/www.keytobetterlife.com\\\/de\\\/#\\\/schema\\\/logo\\\/image\\\/\",\"url\":\"https:\\\/\\\/www.keytobetterlife.com\\\/wp-content\\\/uploads\\\/2025\\\/07\\\/KTBL_Logo_final.svg\",\"contentUrl\":\"https:\\\/\\\/www.keytobetterlife.com\\\/wp-content\\\/uploads\\\/2025\\\/07\\\/KTBL_Logo_final.svg\",\"width\":300,\"height\":85,\"caption\":\"Key To Better Life\"},\"image\":{\"@id\":\"https:\\\/\\\/www.keytobetterlife.com\\\/de\\\/#\\\/schema\\\/logo\\\/image\\\/\"}}]}<\/script>\n<!-- \/ Yoast SEO plugin. -->","yoast_head_json":{"title":"RTT\u00ae Hypnose \u2013 Methode, Ablauf & Besonderheiten erkl\u00e4r","description":"RTT\u00ae Hypnose im \u00dcberblick: Erfahre, wie die Methode aufgebaut ist, welche Rolle Hypnose spielt und f\u00fcr wen dieser Ansatz geeignet sein kann.","robots":{"index":"index","follow":"follow","max-snippet":"max-snippet:-1","max-image-preview":"max-image-preview:large","max-video-preview":"max-video-preview:-1"},"canonical":"https:\/\/www.keytobetterlife.com\/de\/arbeite-mit-mir\/was-macht-rtt-anders\/","og_locale":"de_DE","og_type":"article","og_title":"RTT\u00ae Hypnose \u2013 Methode, Ablauf & Besonderheiten erkl\u00e4r","og_description":"RTT\u00ae Hypnose im \u00dcberblick: Erfahre, wie die Methode aufgebaut ist, welche Rolle Hypnose spielt und f\u00fcr wen dieser Ansatz geeignet sein kann.","og_url":"https:\/\/www.keytobetterlife.com\/de\/arbeite-mit-mir\/was-macht-rtt-anders\/","og_site_name":"Key To Better Life","article_modified_time":"2026-04-15T18:10:16+00:00","og_image":[{"url":"https:\/\/www.keytobetterlife.com\/wp-content\/uploads\/2025\/11\/KTBL_Graphic_Subconscious_2.webp","type":"","width":"","height":""}],"twitter_card":"summary_large_image","twitter_misc":{"Gesch\u00e4tzte Lesezeit":"7\u00a0Minuten"},"schema":{"@context":"https:\/\/schema.org","@graph":[{"@type":"WebPage","@id":"https:\/\/www.keytobetterlife.com\/de\/arbeite-mit-mir\/was-macht-rtt-anders\/","url":"https:\/\/www.keytobetterlife.com\/de\/arbeite-mit-mir\/was-macht-rtt-anders\/","name":"RTT\u00ae Hypnose \u2013 Methode, Ablauf & Besonderheiten erkl\u00e4r","isPartOf":{"@id":"https:\/\/www.keytobetterlife.com\/de\/#website"},"primaryImageOfPage":{"@id":"https:\/\/www.keytobetterlife.com\/de\/arbeite-mit-mir\/was-macht-rtt-anders\/#primaryimage"},"image":{"@id":"https:\/\/www.keytobetterlife.com\/de\/arbeite-mit-mir\/was-macht-rtt-anders\/#primaryimage"},"thumbnailUrl":"https:\/\/www.keytobetterlife.com\/wp-content\/uploads\/2025\/11\/KTBL_Graphic_Subconscious_2.webp","datePublished":"2025-07-29T08:50:04+00:00","dateModified":"2026-04-15T18:10:16+00:00","description":"RTT\u00ae Hypnose im \u00dcberblick: Erfahre, wie die Methode aufgebaut ist, welche Rolle Hypnose spielt und f\u00fcr wen dieser Ansatz geeignet sein kann.","breadcrumb":{"@id":"https:\/\/www.keytobetterlife.com\/de\/arbeite-mit-mir\/was-macht-rtt-anders\/#breadcrumb"},"inLanguage":"de","potentialAction":[{"@type":"ReadAction","target":["https:\/\/www.keytobetterlife.com\/de\/arbeite-mit-mir\/was-macht-rtt-anders\/"]}]},{"@type":"ImageObject","inLanguage":"de","@id":"https:\/\/www.keytobetterlife.com\/de\/arbeite-mit-mir\/was-macht-rtt-anders\/#primaryimage","url":"https:\/\/www.keytobetterlife.com\/wp-content\/uploads\/2025\/11\/KTBL_Graphic_Subconscious_2.webp","contentUrl":"https:\/\/www.keytobetterlife.com\/wp-content\/uploads\/2025\/11\/KTBL_Graphic_Subconscious_2.webp"},{"@type":"BreadcrumbList","@id":"https:\/\/www.keytobetterlife.com\/de\/arbeite-mit-mir\/was-macht-rtt-anders\/#breadcrumb","itemListElement":[{"@type":"ListItem","position":1,"name":"Startseite","item":"https:\/\/www.keytobetterlife.com\/de\/"},{"@type":"ListItem","position":2,"name":"Arbeite mit mir","item":"https:\/\/www.keytobetterlife.com\/de\/arbeite-mit-mir\/"},{"@type":"ListItem","position":3,"name":"Was macht RTT\u00ae anders"}]},{"@type":"WebSite","@id":"https:\/\/www.keytobetterlife.com\/de\/#website","url":"https:\/\/www.keytobetterlife.com\/de\/","name":"Key To Better Life","description":"Rapid Transformation Therapy (RTT)","publisher":{"@id":"https:\/\/www.keytobetterlife.com\/de\/#organization"},"potentialAction":[{"@type":"SearchAction","target":{"@type":"EntryPoint","urlTemplate":"https:\/\/www.keytobetterlife.com\/de\/?s={search_term_string}"},"query-input":{"@type":"PropertyValueSpecification","valueRequired":true,"valueName":"search_term_string"}}],"inLanguage":"de"},{"@type":"Organization","@id":"https:\/\/www.keytobetterlife.com\/de\/#organization","name":"Key To Better Life","url":"https:\/\/www.keytobetterlife.com\/de\/","logo":{"@type":"ImageObject","inLanguage":"de","@id":"https:\/\/www.keytobetterlife.com\/de\/#\/schema\/logo\/image\/","url":"https:\/\/www.keytobetterlife.com\/wp-content\/uploads\/2025\/07\/KTBL_Logo_final.svg","contentUrl":"https:\/\/www.keytobetterlife.com\/wp-content\/uploads\/2025\/07\/KTBL_Logo_final.svg","width":300,"height":85,"caption":"Key To Better Life"},"image":{"@id":"https:\/\/www.keytobetterlife.com\/de\/#\/schema\/logo\/image\/"}}]}},"_links":{"self":[{"href":"https:\/\/www.keytobetterlife.com\/de\/wp-json\/wp\/v2\/pages\/2429","targetHints":{"allow":["GET"]}}],"collection":[{"href":"https:\/\/www.keytobetterlife.com\/de\/wp-json\/wp\/v2\/pages"}],"about":[{"href":"https:\/\/www.keytobetterlife.com\/de\/wp-json\/wp\/v2\/types\/page"}],"author":[{"embeddable":true,"href":"https:\/\/www.keytobetterlife.com\/de\/wp-json\/wp\/v2\/users\/1"}],"replies":[{"embeddable":true,"href":"https:\/\/www.keytobetterlife.com\/de\/wp-json\/wp\/v2\/comments?post=2429"}],"version-history":[{"count":43,"href":"https:\/\/www.keytobetterlife.com\/de\/wp-json\/wp\/v2\/pages\/2429\/revisions"}],"predecessor-version":[{"id":4382,"href":"https:\/\/www.keytobetterlife.com\/de\/wp-json\/wp\/v2\/pages\/2429\/revisions\/4382"}],"up":[{"embeddable":true,"href":"https:\/\/www.keytobetterlife.com\/de\/wp-json\/wp\/v2\/pages\/2414"}],"wp:attachment":[{"href":"https:\/\/www.keytobetterlife.com\/de\/wp-json\/wp\/v2\/media?parent=2429"}],"curies":[{"name":"wp","href":"https:\/\/api.w.org\/{rel}","templated":true}]}}